{"id":10,"date":"2023-01-22T13:02:29","date_gmt":"2023-01-22T12:02:29","guid":{"rendered":"http:\/\/www.grappilles.fr\/?page_id=10"},"modified":"2023-02-20T18:04:57","modified_gmt":"2023-02-20T17:04:57","slug":"encyclobizon","status":"publish","type":"page","link":"https:\/\/www.grappilles.fr\/index.php\/encyclobizon\/","title":{"rendered":"encyclobizon"},"content":{"rendered":"\n<div class=\"wp-block-cover is-light\"><span aria-hidden=\"true\" class=\"wp-block-cover__background has-background-dim\"><\/span><img data-recalc-dims=\"1\" loading=\"lazy\" decoding=\"async\" width=\"932\" height=\"544\" src=\"https:\/\/i0.wp.com\/www.grappilles.fr\/wp-content\/uploads\/2023\/02\/image-encyclobizon.jpg?resize=932%2C544&#038;ssl=1\" class=\"wp-block-cover__image-background wp-post-image\" alt=\"collage d&#039;images pour mise en avant page encyclobizon\" data-object-fit=\"cover\" srcset=\"https:\/\/i0.wp.com\/www.grappilles.fr\/wp-content\/uploads\/2023\/02\/image-encyclobizon.jpg?w=932&amp;ssl=1 932w, https:\/\/i0.wp.com\/www.grappilles.fr\/wp-content\/uploads\/2023\/02\/image-encyclobizon.jpg?resize=300%2C175&amp;ssl=1 300w, https:\/\/i0.wp.com\/www.grappilles.fr\/wp-content\/uploads\/2023\/02\/image-encyclobizon.jpg?resize=768%2C448&amp;ssl=1 768w\" sizes=\"auto, (max-width: 932px) 100vw, 932px\" \/><div class=\"wp-block-cover__inner-container is-layout-flow wp-block-cover-is-layout-flow\">\n<p class=\"has-text-align-center has-x-large-font-size\"><mark style=\"background-color:rgba(0, 0, 0, 0)\" class=\"has-inline-color has-white-color\">ENCYCLOBIZON<\/mark><\/p>\n<\/div><\/div>\n\n\n\n<p class=\"has-medium-font-size\">Trouver tout sur Barbizon avec de grands th\u00e8mes les personnalit\u00e9s locales ou internationales, les constructions qui ont fait du village, un cadre de vie attrayant et au charme incomparable de par sa diversit\u00e9 des styles architecturaux, les rues de notre commune qui ont structur\u00e9es l&rsquo;organisation de la vie sociale et \u00e9conomiques.<\/p>\n","protected":false},"excerpt":{"rendered":"<p>Trouver tout sur Barbizon avec de grands th\u00e8mes les personnalit\u00e9s locales ou internationales, les constructions qui ont fait du village, un cadre de vie attrayant et au charme incomparable de par sa diversit\u00e9 des styles architecturaux, les rues de notre commune qui ont structur\u00e9es l&rsquo;organisation de la vie sociale et \u00e9conomiques.<\/p>\n","protected":false},"author":1,"featured_media":518,"parent":0,"menu_order":0,"comment_status":"closed","ping_status":"closed","template":"","meta":{"_monsterinsights_skip_tracking":false,"_monsterinsights_sitenote_active":false,"_monsterinsights_sitenote_note":"","_monsterinsights_sitenote_category":0,"footnotes":""},"folder":[20],"class_list":["post-10","page","type-page","status-publish","has-post-thumbnail","hentry"],"yoast_head":"<!-- This site is optimized with the Yoast SEO plugin v27.4 - https:\/\/yoast.com\/product\/yoast-seo-wordpress\/ -->\n<title>encyclobizon - Barbizon Histoire et Patrimoine<\/title>\n<meta name=\"robots\" content=\"index, follow, max-snippet:-1, max-image-preview:large, max-video-preview:-1\" \/>\n<link rel=\"canonical\" href=\"https:\/\/www.grappilles.fr\/index.php\/encyclobizon\/\" \/>\n<meta property=\"og:locale\" content=\"fr_FR\" \/>\n<meta property=\"og:type\" content=\"article\" \/>\n<meta property=\"og:title\" content=\"encyclobizon - Barbizon Histoire et Patrimoine\" \/>\n<meta property=\"og:description\" content=\"Trouver tout sur Barbizon avec de grands th\u00e8mes les personnalit\u00e9s locales ou internationales, les constructions qui ont fait du village, un cadre de vie attrayant et au charme incomparable de par sa diversit\u00e9 des styles architecturaux, les rues de notre commune qui ont structur\u00e9es l&rsquo;organisation de la vie sociale et \u00e9conomiques.\" \/>\n<meta property=\"og:url\" content=\"https:\/\/www.grappilles.fr\/index.php\/encyclobizon\/\" \/>\n<meta property=\"og:site_name\" content=\"Barbizon Histoire et Patrimoine\" \/>\n<meta property=\"article:publisher\" content=\"https:\/\/www.facebook.com\/grappillons\" \/>\n<meta property=\"article:modified_time\" content=\"2023-02-20T17:04:57+00:00\" \/>\n<meta property=\"og:image\" content=\"https:\/\/i0.wp.com\/www.grappilles.fr\/wp-content\/uploads\/2023\/02\/image-encyclobizon.jpg?fit=932%2C544&ssl=1\" \/>\n\t<meta property=\"og:image:width\" content=\"932\" \/>\n\t<meta property=\"og:image:height\" content=\"544\" \/>\n\t<meta property=\"og:image:type\" content=\"image\/jpeg\" \/>\n<meta name=\"twitter:card\" content=\"summary_large_image\" \/>\n<meta name=\"twitter:label1\" content=\"Dur\u00e9e de lecture estim\u00e9e\" \/>\n\t<meta name=\"twitter:data1\" content=\"1 minute\" \/>\n<script type=\"application\/ld+json\" class=\"yoast-schema-graph\">{\"@context\":\"https:\\\/\\\/schema.org\",\"@graph\":[{\"@type\":\"WebPage\",\"@id\":\"https:\\\/\\\/www.grappilles.fr\\\/index.php\\\/encyclobizon\\\/\",\"url\":\"https:\\\/\\\/www.grappilles.fr\\\/index.php\\\/encyclobizon\\\/\",\"name\":\"encyclobizon - Barbizon Histoire et Patrimoine\",\"isPartOf\":{\"@id\":\"https:\\\/\\\/www.grappilles.fr\\\/#website\"},\"primaryImageOfPage\":{\"@id\":\"https:\\\/\\\/www.grappilles.fr\\\/index.php\\\/encyclobizon\\\/#primaryimage\"},\"image\":{\"@id\":\"https:\\\/\\\/www.grappilles.fr\\\/index.php\\\/encyclobizon\\\/#primaryimage\"},\"thumbnailUrl\":\"https:\\\/\\\/i0.wp.com\\\/www.grappilles.fr\\\/wp-content\\\/uploads\\\/2023\\\/02\\\/image-encyclobizon.jpg?fit=932%2C544&ssl=1\",\"datePublished\":\"2023-01-22T12:02:29+00:00\",\"dateModified\":\"2023-02-20T17:04:57+00:00\",\"breadcrumb\":{\"@id\":\"https:\\\/\\\/www.grappilles.fr\\\/index.php\\\/encyclobizon\\\/#breadcrumb\"},\"inLanguage\":\"fr-FR\",\"potentialAction\":[{\"@type\":\"ReadAction\",\"target\":[\"https:\\\/\\\/www.grappilles.fr\\\/index.php\\\/encyclobizon\\\/\"]}]},{\"@type\":\"ImageObject\",\"inLanguage\":\"fr-FR\",\"@id\":\"https:\\\/\\\/www.grappilles.fr\\\/index.php\\\/encyclobizon\\\/#primaryimage\",\"url\":\"https:\\\/\\\/i0.wp.com\\\/www.grappilles.fr\\\/wp-content\\\/uploads\\\/2023\\\/02\\\/image-encyclobizon.jpg?fit=932%2C544&ssl=1\",\"contentUrl\":\"https:\\\/\\\/i0.wp.com\\\/www.grappilles.fr\\\/wp-content\\\/uploads\\\/2023\\\/02\\\/image-encyclobizon.jpg?fit=932%2C544&ssl=1\",\"width\":932,\"height\":544,\"caption\":\"collage d'images pour mise en avant page encyclobizon\"},{\"@type\":\"BreadcrumbList\",\"@id\":\"https:\\\/\\\/www.grappilles.fr\\\/index.php\\\/encyclobizon\\\/#breadcrumb\",\"itemListElement\":[{\"@type\":\"ListItem\",\"position\":1,\"name\":\"Accueil\",\"item\":\"https:\\\/\\\/www.grappilles.fr\\\/\"},{\"@type\":\"ListItem\",\"position\":2,\"name\":\"encyclobizon\"}]},{\"@type\":\"WebSite\",\"@id\":\"https:\\\/\\\/www.grappilles.fr\\\/#website\",\"url\":\"https:\\\/\\\/www.grappilles.fr\\\/\",\"name\":\"Barbizon Histoire et Patrimoine\",\"description\":\"une r\u00e9alisation les grappilles de la For\u00eat\",\"publisher\":{\"@id\":\"https:\\\/\\\/www.grappilles.fr\\\/#\\\/schema\\\/person\\\/ac28443c00453ca743f16066ae01a8a7\"},\"potentialAction\":[{\"@type\":\"SearchAction\",\"target\":{\"@type\":\"EntryPoint\",\"urlTemplate\":\"https:\\\/\\\/www.grappilles.fr\\\/?s={search_term_string}\"},\"query-input\":{\"@type\":\"PropertyValueSpecification\",\"valueRequired\":true,\"valueName\":\"search_term_string\"}}],\"inLanguage\":\"fr-FR\"},{\"@type\":[\"Person\",\"Organization\"],\"@id\":\"https:\\\/\\\/www.grappilles.fr\\\/#\\\/schema\\\/person\\\/ac28443c00453ca743f16066ae01a8a7\",\"name\":\"pregra66\",\"image\":{\"@type\":\"ImageObject\",\"inLanguage\":\"fr-FR\",\"@id\":\"https:\\\/\\\/i0.wp.com\\\/www.grappilles.fr\\\/wp-content\\\/uploads\\\/2024\\\/03\\\/logo-Les-GDLF.jpg?fit=254%2C231&ssl=1\",\"url\":\"https:\\\/\\\/i0.wp.com\\\/www.grappilles.fr\\\/wp-content\\\/uploads\\\/2024\\\/03\\\/logo-Les-GDLF.jpg?fit=254%2C231&ssl=1\",\"contentUrl\":\"https:\\\/\\\/i0.wp.com\\\/www.grappilles.fr\\\/wp-content\\\/uploads\\\/2024\\\/03\\\/logo-Les-GDLF.jpg?fit=254%2C231&ssl=1\",\"width\":254,\"height\":231,\"caption\":\"pregra66\"},\"logo\":{\"@id\":\"https:\\\/\\\/i0.wp.com\\\/www.grappilles.fr\\\/wp-content\\\/uploads\\\/2024\\\/03\\\/logo-Les-GDLF.jpg?fit=254%2C231&ssl=1\"},\"sameAs\":[\"http:\\\/\\\/www.grappilles.fr\",\"https:\\\/\\\/www.facebook.com\\\/grappillons\"]}]}<\/script>\n<!-- \/ Yoast SEO plugin. -->","yoast_head_json":{"title":"encyclobizon - Barbizon Histoire et Patrimoine","robots":{"index":"index","follow":"follow","max-snippet":"max-snippet:-1","max-image-preview":"max-image-preview:large","max-video-preview":"max-video-preview:-1"},"canonical":"https:\/\/www.grappilles.fr\/index.php\/encyclobizon\/","og_locale":"fr_FR","og_type":"article","og_title":"encyclobizon - Barbizon Histoire et Patrimoine","og_description":"Trouver tout sur Barbizon avec de grands th\u00e8mes les personnalit\u00e9s locales ou internationales, les constructions qui ont fait du village, un cadre de vie attrayant et au charme incomparable de par sa diversit\u00e9 des styles architecturaux, les rues de notre commune qui ont structur\u00e9es l&rsquo;organisation de la vie sociale et \u00e9conomiques.","og_url":"https:\/\/www.grappilles.fr\/index.php\/encyclobizon\/","og_site_name":"Barbizon Histoire et Patrimoine","article_publisher":"https:\/\/www.facebook.com\/grappillons","article_modified_time":"2023-02-20T17:04:57+00:00","og_image":[{"width":932,"height":544,"url":"https:\/\/i0.wp.com\/www.grappilles.fr\/wp-content\/uploads\/2023\/02\/image-encyclobizon.jpg?fit=932%2C544&ssl=1","type":"image\/jpeg"}],"twitter_card":"summary_large_image","twitter_misc":{"Dur\u00e9e de lecture estim\u00e9e":"1 minute"},"schema":{"@context":"https:\/\/schema.org","@graph":[{"@type":"WebPage","@id":"https:\/\/www.grappilles.fr\/index.php\/encyclobizon\/","url":"https:\/\/www.grappilles.fr\/index.php\/encyclobizon\/","name":"encyclobizon - Barbizon Histoire et Patrimoine","isPartOf":{"@id":"https:\/\/www.grappilles.fr\/#website"},"primaryImageOfPage":{"@id":"https:\/\/www.grappilles.fr\/index.php\/encyclobizon\/#primaryimage"},"image":{"@id":"https:\/\/www.grappilles.fr\/index.php\/encyclobizon\/#primaryimage"},"thumbnailUrl":"https:\/\/i0.wp.com\/www.grappilles.fr\/wp-content\/uploads\/2023\/02\/image-encyclobizon.jpg?fit=932%2C544&ssl=1","datePublished":"2023-01-22T12:02:29+00:00","dateModified":"2023-02-20T17:04:57+00:00","breadcrumb":{"@id":"https:\/\/www.grappilles.fr\/index.php\/encyclobizon\/#breadcrumb"},"inLanguage":"fr-FR","potentialAction":[{"@type":"ReadAction","target":["https:\/\/www.grappilles.fr\/index.php\/encyclobizon\/"]}]},{"@type":"ImageObject","inLanguage":"fr-FR","@id":"https:\/\/www.grappilles.fr\/index.php\/encyclobizon\/#primaryimage","url":"https:\/\/i0.wp.com\/www.grappilles.fr\/wp-content\/uploads\/2023\/02\/image-encyclobizon.jpg?fit=932%2C544&ssl=1","contentUrl":"https:\/\/i0.wp.com\/www.grappilles.fr\/wp-content\/uploads\/2023\/02\/image-encyclobizon.jpg?fit=932%2C544&ssl=1","width":932,"height":544,"caption":"collage d'images pour mise en avant page encyclobizon"},{"@type":"BreadcrumbList","@id":"https:\/\/www.grappilles.fr\/index.php\/encyclobizon\/#breadcrumb","itemListElement":[{"@type":"ListItem","position":1,"name":"Accueil","item":"https:\/\/www.grappilles.fr\/"},{"@type":"ListItem","position":2,"name":"encyclobizon"}]},{"@type":"WebSite","@id":"https:\/\/www.grappilles.fr\/#website","url":"https:\/\/www.grappilles.fr\/","name":"Barbizon Histoire et Patrimoine","description":"une r\u00e9alisation les grappilles de la For\u00eat","publisher":{"@id":"https:\/\/www.grappilles.fr\/#\/schema\/person\/ac28443c00453ca743f16066ae01a8a7"},"potentialAction":[{"@type":"SearchAction","target":{"@type":"EntryPoint","urlTemplate":"https:\/\/www.grappilles.fr\/?s={search_term_string}"},"query-input":{"@type":"PropertyValueSpecification","valueRequired":true,"valueName":"search_term_string"}}],"inLanguage":"fr-FR"},{"@type":["Person","Organization"],"@id":"https:\/\/www.grappilles.fr\/#\/schema\/person\/ac28443c00453ca743f16066ae01a8a7","name":"pregra66","image":{"@type":"ImageObject","inLanguage":"fr-FR","@id":"https:\/\/i0.wp.com\/www.grappilles.fr\/wp-content\/uploads\/2024\/03\/logo-Les-GDLF.jpg?fit=254%2C231&ssl=1","url":"https:\/\/i0.wp.com\/www.grappilles.fr\/wp-content\/uploads\/2024\/03\/logo-Les-GDLF.jpg?fit=254%2C231&ssl=1","contentUrl":"https:\/\/i0.wp.com\/www.grappilles.fr\/wp-content\/uploads\/2024\/03\/logo-Les-GDLF.jpg?fit=254%2C231&ssl=1","width":254,"height":231,"caption":"pregra66"},"logo":{"@id":"https:\/\/i0.wp.com\/www.grappilles.fr\/wp-content\/uploads\/2024\/03\/logo-Les-GDLF.jpg?fit=254%2C231&ssl=1"},"sameAs":["http:\/\/www.grappilles.fr","https:\/\/www.facebook.com\/grappillons"]}]}},"jetpack-related-posts":[],"jetpack_sharing_enabled":true,"_links":{"self":[{"href":"https:\/\/www.grappilles.fr\/index.php\/wp-json\/wp\/v2\/pages\/10","targetHints":{"allow":["GET"]}}],"collection":[{"href":"https:\/\/www.grappilles.fr\/index.php\/wp-json\/wp\/v2\/pages"}],"about":[{"href":"https:\/\/www.grappilles.fr\/index.php\/wp-json\/wp\/v2\/types\/page"}],"author":[{"embeddable":true,"href":"https:\/\/www.grappilles.fr\/index.php\/wp-json\/wp\/v2\/users\/1"}],"replies":[{"embeddable":true,"href":"https:\/\/www.grappilles.fr\/index.php\/wp-json\/wp\/v2\/comments?post=10"}],"version-history":[{"count":4,"href":"https:\/\/www.grappilles.fr\/index.php\/wp-json\/wp\/v2\/pages\/10\/revisions"}],"predecessor-version":[{"id":799,"href":"https:\/\/www.grappilles.fr\/index.php\/wp-json\/wp\/v2\/pages\/10\/revisions\/799"}],"wp:featuredmedia":[{"embeddable":true,"href":"https:\/\/www.grappilles.fr\/index.php\/wp-json\/wp\/v2\/media\/518"}],"wp:attachment":[{"href":"https:\/\/www.grappilles.fr\/index.php\/wp-json\/wp\/v2\/media?parent=10"}],"wp:term":[{"taxonomy":"folder","embeddable":true,"href":"https:\/\/www.grappilles.fr\/index.php\/wp-json\/wp\/v2\/folder?post=10"}],"curies":[{"name":"wp","href":"https:\/\/api.w.org\/{rel}","templated":true}]}}