{"id":13,"date":"2023-01-22T13:03:07","date_gmt":"2023-01-22T12:03:07","guid":{"rendered":"http:\/\/www.grappilles.fr\/?page_id=13"},"modified":"2023-01-25T17:40:31","modified_gmt":"2023-01-25T16:40:31","slug":"a-propos","status":"publish","type":"page","link":"https:\/\/www.grappilles.fr\/index.php\/a-propos\/","title":{"rendered":"A propos"},"content":{"rendered":"\n<p class=\"has-small-font-size\">En attribuant \u00e0 l&rsquo;association un nom tel que&nbsp;LES GRAPPILLES DE LA FORET,&nbsp;Pascal VOHNOUT a voulu faire un petit clin d&rsquo;\u0153il \u00e0 une&nbsp;\u00ab\u00a0Dame Nature\u00a0\u00bb intuitive,&nbsp;g\u00e9n\u00e9reuse et bienfaitrice \u00e0 l&rsquo;image tr\u00e8s symbolique&nbsp;d&rsquo;une&nbsp;vigne&nbsp;s&rsquo;infiltrant dans le sol pour y puiser une nourriture gorg\u00e9e d&rsquo;eau et de soleil afin&nbsp;que naissent&nbsp;de belles&nbsp;grappes de raisins, lesquelles le moment venu,&nbsp;seraient mang\u00e9es par les gourmands.&nbsp;<\/p>\n\n\n\n<p class=\"has-small-font-size\">Au d\u00e9part, il est vrai que la vigne \u00e9tait au centre de tous les d\u00e9bats, d&rsquo;autant qu&rsquo;il y en avait d\u00e9j\u00e0 de-ci de-l\u00e0 dans&nbsp;les rues de Barbizon.&nbsp;Pascal, en bon animateur, avait sugg\u00e9r\u00e9 \u00e0 son auditoire de faire&nbsp;\u00ab\u00a0chanter\u00a0\u00bb les vendanges pour esp\u00e9rer&nbsp;un jour&nbsp;boire&nbsp;un vin de&nbsp;pure souche et&nbsp;dont le&nbsp;go\u00fbt&nbsp;mettrait \u00e0 l&rsquo;honneur les propri\u00e9t\u00e9s viticoles de notre terre. De nombreux habitants anim\u00e9s d&rsquo;un \u00e9lan de confiance,&nbsp;l&rsquo;ont encourag\u00e9&nbsp;\u00e0 concr\u00e9tiser&nbsp;son ambition, alors que d&rsquo;autres&nbsp;restaient silencieux et dubitatifs. Un vin de Barbizon digne d&rsquo;\u00eatre savour\u00e9 avec respect\u2026A n&rsquo;en pas douter, il s&rsquo;agissait l\u00e0 d&rsquo;un projet un peu fou mais qui&nbsp;avait&nbsp;le m\u00e9rite de mettre l&rsquo;ardeur des hommes au premier rang des qualit\u00e9s humaines\u2026Un projet ou plut\u00f4t un&nbsp;r\u00eave optimisant&nbsp; les caract\u00e9ristiques naturelles&nbsp;de nos sols d&rsquo;o\u00f9 se propagerait&nbsp;un ph\u00e9nom\u00e8ne de fertilisation&nbsp;positif&nbsp; donnant vie \u00e0 un breuvage exquis\u2026Et c&rsquo;est ainsi que le 4 septembre 2008&nbsp;notre association est n\u00e9e apr\u00e8s le rituel des palabres, puisqu&rsquo;il fallait bien faire \u00ab\u00a0les papiers\u00a0\u00bb comme&nbsp;veut l&rsquo;usage, c&rsquo;est \u00e0 dire&nbsp;encadrer, structurer, enregistrer, &nbsp;officialiser nos actes et nos&nbsp;propos.&nbsp; &nbsp;<\/p>\n\n\n\n<p class=\"has-small-font-size\">Il y a eu la premi\u00e8re assembl\u00e9e g\u00e9n\u00e9rale r\u00e9unissant&nbsp;l&rsquo;ensemble&nbsp;&nbsp;des membres et qui a donn\u00e9 lieu \u00e0 un&nbsp;\u00e9change constructif&nbsp;assez prometteur d&rsquo;ailleurs. Et puis&nbsp;de rencontres en rencontres, de &nbsp;discutions en discutions, les choses ont pris un autre tournant. Oui on peut le dire ainsi, un vent d&rsquo;inspiration a souffl\u00e9 sur le groupe&nbsp;si bien que&nbsp;les esprits ont \u00e9volu\u00e9, que&nbsp;les projets se sont \u00e9paissis,&nbsp;que&nbsp;de nouvelles perspectives se sont&nbsp; d\u00e9velopp\u00e9es, bref que l&rsquo;association a bifurqu\u00e9 vers de nouveaux horizons.&nbsp;L&rsquo;id\u00e9e de faire du vin \u00e9tait toujours d&rsquo;actualit\u00e9 bien s\u00fbr&nbsp;mais&nbsp;celle de mettre Barbizon&nbsp;\u00e0 l&rsquo;honneur&nbsp; sous&nbsp;bien des&nbsp;aspects \u00e9tait devenue l&rsquo;ordre de mission pour tous. A ce propos, citons la suggestion de notre tr\u00e9sorier, Alain SZWIMER, Barbizonnais depuis peu. Celui-ci nous a propos\u00e9&nbsp;de cr\u00e9er&nbsp;&nbsp;un grand concours de peinture&nbsp;auquel des artistes&nbsp;peintres amateurs&nbsp;&nbsp;pourraient participer gratuitement, et qui consisterait \u00e0 peindre librement Barbizon sous des angles&nbsp;tr\u00e8s vari\u00e9s. Et l&rsquo;id\u00e9e&nbsp;a fait son chemin, puisque&nbsp;d\u00e8s \u00e0 pr\u00e9sent&nbsp;ce concours intitul\u00e9 \u00ab\u00a0Peintres en Libert\u00e9\u00a0\u00bb&nbsp;est&nbsp;inscrit sur l&rsquo;agenda 2010&nbsp;des&nbsp;&nbsp;manifestations&nbsp;du village\u2026&nbsp;<\/p>\n\n\n\n<p class=\"has-small-font-size\">Tout comme&nbsp;Pascal&nbsp;et Alain, nous encourageons nos membres \u00e0&nbsp;prendre des initiatives, \u00e0&nbsp;proposer des&nbsp;projets d&rsquo;\u00e9v\u00e9nements qui marqueront l&rsquo;actualit\u00e9 de Barbizon\u2026D&rsquo;\u00eatre imaginatif afin de constituer une belle r\u00e9serve d&rsquo;id\u00e9es \u00e0 \u00ab\u00a0d\u00e9penser\u00a0\u00bb,&nbsp;assurant ainsi&nbsp;un programme charg\u00e9 d&rsquo;actions b\u00e9n\u00e9fiques pour notre village.&nbsp;&nbsp;<\/p>\n\n\n\n<p class=\"has-small-font-size\">Aujourd&rsquo;hui LES GRAPPILLES DE LA FORET est une association qui&nbsp;souhaite non seulement&nbsp;rassembler les amoureux de Barbizon autour de faits&nbsp;&nbsp;marquants de toute tendance et&nbsp;pour toute&nbsp; g\u00e9n\u00e9ration,&nbsp;mais aussi proposer aux visiteurs pr\u00e9sents pour peu de temps, des&nbsp;activit\u00e9s &nbsp;ludiques et &nbsp;conviviales&nbsp; associant &nbsp;histoire ,art,&nbsp;&nbsp;culture, environnement et cr\u00e9ativit\u00e9<\/p>\n","protected":false},"excerpt":{"rendered":"<p>En attribuant \u00e0 l&rsquo;association un nom tel que&nbsp;LES GRAPPILLES DE LA FORET,&nbsp;Pascal VOHNOUT a voulu faire un petit clin d&rsquo;\u0153il \u00e0 une&nbsp;\u00ab\u00a0Dame Nature\u00a0\u00bb intuitive,&nbsp;g\u00e9n\u00e9reuse et bienfaitrice \u00e0 l&rsquo;image tr\u00e8s symbolique&nbsp;d&rsquo;une&nbsp;vigne&nbsp;s&rsquo;infiltrant dans le sol pour y puiser une nourriture gorg\u00e9e d&rsquo;eau et de soleil afin&nbsp;que naissent&nbsp;de belles&nbsp;grappes de raisins, lesquelles le moment venu,&nbsp;seraient mang\u00e9es par les [&hellip;]<\/p>\n","protected":false},"author":1,"featured_media":0,"parent":0,"menu_order":0,"comment_status":"closed","ping_status":"closed","template":"","meta":{"_monsterinsights_skip_tracking":false,"_monsterinsights_sitenote_active":false,"_monsterinsights_sitenote_note":"","_monsterinsights_sitenote_category":0,"footnotes":""},"folder":[],"class_list":["post-13","page","type-page","status-publish","hentry"],"yoast_head":"<!-- This site is optimized with the Yoast SEO plugin v27.3 - https:\/\/yoast.com\/product\/yoast-seo-wordpress\/ -->\n<title>A propos - Barbizon Histoire et Patrimoine<\/title>\n<meta name=\"robots\" content=\"index, follow, max-snippet:-1, max-image-preview:large, max-video-preview:-1\" \/>\n<link rel=\"canonical\" href=\"https:\/\/www.grappilles.fr\/index.php\/a-propos\/\" \/>\n<meta property=\"og:locale\" content=\"fr_FR\" \/>\n<meta property=\"og:type\" content=\"article\" \/>\n<meta property=\"og:title\" content=\"A propos - Barbizon Histoire et Patrimoine\" \/>\n<meta property=\"og:description\" content=\"En attribuant \u00e0 l&rsquo;association un nom tel que&nbsp;LES GRAPPILLES DE LA FORET,&nbsp;Pascal VOHNOUT a voulu faire un petit clin d&rsquo;\u0153il \u00e0 une&nbsp;\u00ab\u00a0Dame Nature\u00a0\u00bb intuitive,&nbsp;g\u00e9n\u00e9reuse et bienfaitrice \u00e0 l&rsquo;image tr\u00e8s symbolique&nbsp;d&rsquo;une&nbsp;vigne&nbsp;s&rsquo;infiltrant dans le sol pour y puiser une nourriture gorg\u00e9e d&rsquo;eau et de soleil afin&nbsp;que naissent&nbsp;de belles&nbsp;grappes de raisins, lesquelles le moment venu,&nbsp;seraient mang\u00e9es par les [&hellip;]\" \/>\n<meta property=\"og:url\" content=\"https:\/\/www.grappilles.fr\/index.php\/a-propos\/\" \/>\n<meta property=\"og:site_name\" content=\"Barbizon Histoire et Patrimoine\" \/>\n<meta property=\"article:publisher\" content=\"https:\/\/www.facebook.com\/grappillons\" \/>\n<meta property=\"article:modified_time\" content=\"2023-01-25T16:40:31+00:00\" \/>\n<meta name=\"twitter:card\" content=\"summary_large_image\" \/>\n<meta name=\"twitter:label1\" content=\"Dur\u00e9e de lecture estim\u00e9e\" \/>\n\t<meta name=\"twitter:data1\" content=\"3 minutes\" \/>\n<script type=\"application\/ld+json\" class=\"yoast-schema-graph\">{\"@context\":\"https:\\\/\\\/schema.org\",\"@graph\":[{\"@type\":\"WebPage\",\"@id\":\"https:\\\/\\\/www.grappilles.fr\\\/index.php\\\/a-propos\\\/\",\"url\":\"https:\\\/\\\/www.grappilles.fr\\\/index.php\\\/a-propos\\\/\",\"name\":\"A propos - Barbizon Histoire et Patrimoine\",\"isPartOf\":{\"@id\":\"https:\\\/\\\/www.grappilles.fr\\\/#website\"},\"datePublished\":\"2023-01-22T12:03:07+00:00\",\"dateModified\":\"2023-01-25T16:40:31+00:00\",\"breadcrumb\":{\"@id\":\"https:\\\/\\\/www.grappilles.fr\\\/index.php\\\/a-propos\\\/#breadcrumb\"},\"inLanguage\":\"fr-FR\",\"potentialAction\":[{\"@type\":\"ReadAction\",\"target\":[\"https:\\\/\\\/www.grappilles.fr\\\/index.php\\\/a-propos\\\/\"]}]},{\"@type\":\"BreadcrumbList\",\"@id\":\"https:\\\/\\\/www.grappilles.fr\\\/index.php\\\/a-propos\\\/#breadcrumb\",\"itemListElement\":[{\"@type\":\"ListItem\",\"position\":1,\"name\":\"Accueil\",\"item\":\"https:\\\/\\\/www.grappilles.fr\\\/\"},{\"@type\":\"ListItem\",\"position\":2,\"name\":\"A propos\"}]},{\"@type\":\"WebSite\",\"@id\":\"https:\\\/\\\/www.grappilles.fr\\\/#website\",\"url\":\"https:\\\/\\\/www.grappilles.fr\\\/\",\"name\":\"Barbizon Histoire et Patrimoine\",\"description\":\"une r\u00e9alisation les grappilles de la For\u00eat\",\"publisher\":{\"@id\":\"https:\\\/\\\/www.grappilles.fr\\\/#\\\/schema\\\/person\\\/ac28443c00453ca743f16066ae01a8a7\"},\"potentialAction\":[{\"@type\":\"SearchAction\",\"target\":{\"@type\":\"EntryPoint\",\"urlTemplate\":\"https:\\\/\\\/www.grappilles.fr\\\/?s={search_term_string}\"},\"query-input\":{\"@type\":\"PropertyValueSpecification\",\"valueRequired\":true,\"valueName\":\"search_term_string\"}}],\"inLanguage\":\"fr-FR\"},{\"@type\":[\"Person\",\"Organization\"],\"@id\":\"https:\\\/\\\/www.grappilles.fr\\\/#\\\/schema\\\/person\\\/ac28443c00453ca743f16066ae01a8a7\",\"name\":\"pregra66\",\"image\":{\"@type\":\"ImageObject\",\"inLanguage\":\"fr-FR\",\"@id\":\"https:\\\/\\\/i0.wp.com\\\/www.grappilles.fr\\\/wp-content\\\/uploads\\\/2024\\\/03\\\/logo-Les-GDLF.jpg?fit=254%2C231&ssl=1\",\"url\":\"https:\\\/\\\/i0.wp.com\\\/www.grappilles.fr\\\/wp-content\\\/uploads\\\/2024\\\/03\\\/logo-Les-GDLF.jpg?fit=254%2C231&ssl=1\",\"contentUrl\":\"https:\\\/\\\/i0.wp.com\\\/www.grappilles.fr\\\/wp-content\\\/uploads\\\/2024\\\/03\\\/logo-Les-GDLF.jpg?fit=254%2C231&ssl=1\",\"width\":254,\"height\":231,\"caption\":\"pregra66\"},\"logo\":{\"@id\":\"https:\\\/\\\/i0.wp.com\\\/www.grappilles.fr\\\/wp-content\\\/uploads\\\/2024\\\/03\\\/logo-Les-GDLF.jpg?fit=254%2C231&ssl=1\"},\"sameAs\":[\"http:\\\/\\\/www.grappilles.fr\",\"https:\\\/\\\/www.facebook.com\\\/grappillons\"]}]}<\/script>\n<!-- \/ Yoast SEO plugin. -->","yoast_head_json":{"title":"A propos - Barbizon Histoire et Patrimoine","robots":{"index":"index","follow":"follow","max-snippet":"max-snippet:-1","max-image-preview":"max-image-preview:large","max-video-preview":"max-video-preview:-1"},"canonical":"https:\/\/www.grappilles.fr\/index.php\/a-propos\/","og_locale":"fr_FR","og_type":"article","og_title":"A propos - Barbizon Histoire et Patrimoine","og_description":"En attribuant \u00e0 l&rsquo;association un nom tel que&nbsp;LES GRAPPILLES DE LA FORET,&nbsp;Pascal VOHNOUT a voulu faire un petit clin d&rsquo;\u0153il \u00e0 une&nbsp;\u00ab\u00a0Dame Nature\u00a0\u00bb intuitive,&nbsp;g\u00e9n\u00e9reuse et bienfaitrice \u00e0 l&rsquo;image tr\u00e8s symbolique&nbsp;d&rsquo;une&nbsp;vigne&nbsp;s&rsquo;infiltrant dans le sol pour y puiser une nourriture gorg\u00e9e d&rsquo;eau et de soleil afin&nbsp;que naissent&nbsp;de belles&nbsp;grappes de raisins, lesquelles le moment venu,&nbsp;seraient mang\u00e9es par les [&hellip;]","og_url":"https:\/\/www.grappilles.fr\/index.php\/a-propos\/","og_site_name":"Barbizon Histoire et Patrimoine","article_publisher":"https:\/\/www.facebook.com\/grappillons","article_modified_time":"2023-01-25T16:40:31+00:00","twitter_card":"summary_large_image","twitter_misc":{"Dur\u00e9e de lecture estim\u00e9e":"3 minutes"},"schema":{"@context":"https:\/\/schema.org","@graph":[{"@type":"WebPage","@id":"https:\/\/www.grappilles.fr\/index.php\/a-propos\/","url":"https:\/\/www.grappilles.fr\/index.php\/a-propos\/","name":"A propos - Barbizon Histoire et Patrimoine","isPartOf":{"@id":"https:\/\/www.grappilles.fr\/#website"},"datePublished":"2023-01-22T12:03:07+00:00","dateModified":"2023-01-25T16:40:31+00:00","breadcrumb":{"@id":"https:\/\/www.grappilles.fr\/index.php\/a-propos\/#breadcrumb"},"inLanguage":"fr-FR","potentialAction":[{"@type":"ReadAction","target":["https:\/\/www.grappilles.fr\/index.php\/a-propos\/"]}]},{"@type":"BreadcrumbList","@id":"https:\/\/www.grappilles.fr\/index.php\/a-propos\/#breadcrumb","itemListElement":[{"@type":"ListItem","position":1,"name":"Accueil","item":"https:\/\/www.grappilles.fr\/"},{"@type":"ListItem","position":2,"name":"A propos"}]},{"@type":"WebSite","@id":"https:\/\/www.grappilles.fr\/#website","url":"https:\/\/www.grappilles.fr\/","name":"Barbizon Histoire et Patrimoine","description":"une r\u00e9alisation les grappilles de la For\u00eat","publisher":{"@id":"https:\/\/www.grappilles.fr\/#\/schema\/person\/ac28443c00453ca743f16066ae01a8a7"},"potentialAction":[{"@type":"SearchAction","target":{"@type":"EntryPoint","urlTemplate":"https:\/\/www.grappilles.fr\/?s={search_term_string}"},"query-input":{"@type":"PropertyValueSpecification","valueRequired":true,"valueName":"search_term_string"}}],"inLanguage":"fr-FR"},{"@type":["Person","Organization"],"@id":"https:\/\/www.grappilles.fr\/#\/schema\/person\/ac28443c00453ca743f16066ae01a8a7","name":"pregra66","image":{"@type":"ImageObject","inLanguage":"fr-FR","@id":"https:\/\/i0.wp.com\/www.grappilles.fr\/wp-content\/uploads\/2024\/03\/logo-Les-GDLF.jpg?fit=254%2C231&ssl=1","url":"https:\/\/i0.wp.com\/www.grappilles.fr\/wp-content\/uploads\/2024\/03\/logo-Les-GDLF.jpg?fit=254%2C231&ssl=1","contentUrl":"https:\/\/i0.wp.com\/www.grappilles.fr\/wp-content\/uploads\/2024\/03\/logo-Les-GDLF.jpg?fit=254%2C231&ssl=1","width":254,"height":231,"caption":"pregra66"},"logo":{"@id":"https:\/\/i0.wp.com\/www.grappilles.fr\/wp-content\/uploads\/2024\/03\/logo-Les-GDLF.jpg?fit=254%2C231&ssl=1"},"sameAs":["http:\/\/www.grappilles.fr","https:\/\/www.facebook.com\/grappillons"]}]}},"jetpack-related-posts":[],"jetpack_sharing_enabled":true,"_links":{"self":[{"href":"https:\/\/www.grappilles.fr\/index.php\/wp-json\/wp\/v2\/pages\/13","targetHints":{"allow":["GET"]}}],"collection":[{"href":"https:\/\/www.grappilles.fr\/index.php\/wp-json\/wp\/v2\/pages"}],"about":[{"href":"https:\/\/www.grappilles.fr\/index.php\/wp-json\/wp\/v2\/types\/page"}],"author":[{"embeddable":true,"href":"https:\/\/www.grappilles.fr\/index.php\/wp-json\/wp\/v2\/users\/1"}],"replies":[{"embeddable":true,"href":"https:\/\/www.grappilles.fr\/index.php\/wp-json\/wp\/v2\/comments?post=13"}],"version-history":[{"count":3,"href":"https:\/\/www.grappilles.fr\/index.php\/wp-json\/wp\/v2\/pages\/13\/revisions"}],"predecessor-version":[{"id":237,"href":"https:\/\/www.grappilles.fr\/index.php\/wp-json\/wp\/v2\/pages\/13\/revisions\/237"}],"wp:attachment":[{"href":"https:\/\/www.grappilles.fr\/index.php\/wp-json\/wp\/v2\/media?parent=13"}],"wp:term":[{"taxonomy":"folder","embeddable":true,"href":"https:\/\/www.grappilles.fr\/index.php\/wp-json\/wp\/v2\/folder?post=13"}],"curies":[{"name":"wp","href":"https:\/\/api.w.org\/{rel}","templated":true}]}}