{"id":2,"date":"2023-01-22T11:40:41","date_gmt":"2023-01-22T10:40:41","guid":{"rendered":"http:\/\/www.grappilles.fr\/?page_id=2"},"modified":"2024-06-21T15:59:48","modified_gmt":"2024-06-21T13:59:48","slug":"actualites","status":"publish","type":"page","link":"https:\/\/www.grappilles.fr\/index.php\/actualites\/","title":{"rendered":"Actualit\u00e9s"},"content":{"rendered":"\n<div class=\"wp-block-cover\"><span aria-hidden=\"true\" class=\"wp-block-cover__background has-background-dim\"><\/span><img data-recalc-dims=\"1\" loading=\"lazy\" decoding=\"async\" width=\"845\" height=\"399\" class=\"wp-block-cover__image-background wp-image-524\" alt=\"\" src=\"https:\/\/i0.wp.com\/www.grappilles.fr\/wp-content\/uploads\/2023\/02\/flash-info.jpg?resize=845%2C399\" data-object-fit=\"cover\" srcset=\"https:\/\/i0.wp.com\/www.grappilles.fr\/wp-content\/uploads\/2023\/02\/flash-info.jpg?w=845&amp;ssl=1 845w, https:\/\/i0.wp.com\/www.grappilles.fr\/wp-content\/uploads\/2023\/02\/flash-info.jpg?resize=300%2C142&amp;ssl=1 300w, https:\/\/i0.wp.com\/www.grappilles.fr\/wp-content\/uploads\/2023\/02\/flash-info.jpg?resize=768%2C363&amp;ssl=1 768w\" sizes=\"auto, (max-width: 845px) 100vw, 845px\" \/><div class=\"wp-block-cover__inner-container is-layout-flow wp-block-cover-is-layout-flow\">\n<p class=\"has-text-align-center has-large-font-size\">Derni\u00e8res Parutions<\/p>\n<\/div><\/div>\n\n\n<ul class=\"wp-block-latest-posts__list is-grid columns-2 wp-block-latest-posts has-medium-font-size\"><li><a class=\"wp-block-latest-posts__post-title\" href=\"https:\/\/www.grappilles.fr\/index.php\/2026\/02\/17\/camille-flers\/\">Camille Flers<\/a><div class=\"wp-block-latest-posts__post-excerpt\">Camille Flers, n\u00e9 le 15 f\u00e9vrier 1802 \u00e0 Paris et mort le 26 juin 1868 \u00e0 Annet-sur-Marne\u2026 <a class=\"wp-block-latest-posts__read-more\" href=\"https:\/\/www.grappilles.fr\/index.php\/2026\/02\/17\/camille-flers\/\" rel=\"noopener noreferrer\">Lire la suite<span class=\"screen-reader-text\">\u00a0: Camille Flers<\/span><\/a><\/div><\/li>\n<li><a class=\"wp-block-latest-posts__post-title\" href=\"https:\/\/www.grappilles.fr\/index.php\/2025\/11\/25\/charles-lucy\/\">Charles Lucy<\/a><div class=\"wp-block-latest-posts__post-excerpt\">juillet 1814 &#8211; 19 mai 1873 Pendant seize ans, M. Lucy a \u00e9lu domicile \u00e0 Paris ,\u2026 <a class=\"wp-block-latest-posts__read-more\" href=\"https:\/\/www.grappilles.fr\/index.php\/2025\/11\/25\/charles-lucy\/\" rel=\"noopener noreferrer\">Lire la suite<span class=\"screen-reader-text\">\u00a0: Charles Lucy<\/span><\/a><\/div><\/li>\n<li><a class=\"wp-block-latest-posts__post-title\" href=\"https:\/\/www.grappilles.fr\/index.php\/2025\/11\/25\/adele-marier\/\">Ad\u00e8le Marier<\/a><div class=\"wp-block-latest-posts__post-excerpt\">Ad\u00e8le Marier le mod\u00e8le de Millet sur L\u2019Ang\u00e9lus, l&rsquo;un des tableau les plus connus au monde de\u2026 <a class=\"wp-block-latest-posts__read-more\" href=\"https:\/\/www.grappilles.fr\/index.php\/2025\/11\/25\/adele-marier\/\" rel=\"noopener noreferrer\">Lire la suite<span class=\"screen-reader-text\">\u00a0: Ad\u00e8le Marier<\/span><\/a><\/div><\/li>\n<li><a class=\"wp-block-latest-posts__post-title\" href=\"https:\/\/www.grappilles.fr\/index.php\/2025\/11\/25\/theodore-caruelle-daligny\/\">Th\u00e9odore Caruelle d&rsquo;Aligny<\/a><div class=\"wp-block-latest-posts__post-excerpt\">Peintre mineur mais pr\u00e9curseur de l&rsquo;\u00e9poque de l&rsquo;\u00e9cole de Barbizon. Voir le lien ci-dessous pour voir sa\u2026 <a class=\"wp-block-latest-posts__read-more\" href=\"https:\/\/www.grappilles.fr\/index.php\/2025\/11\/25\/theodore-caruelle-daligny\/\" rel=\"noopener noreferrer\">Lire la suite<span class=\"screen-reader-text\">\u00a0: Th\u00e9odore Caruelle d&rsquo;Aligny<\/span><\/a><\/div><\/li>\n<li><a class=\"wp-block-latest-posts__post-title\" href=\"https:\/\/www.grappilles.fr\/index.php\/2024\/06\/23\/demeures-et-villas\/\">Demeures et villas<\/a><div class=\"wp-block-latest-posts__post-excerpt\">Avec la pr\u00e9sence des nombreux peintres jusqu&rsquo;en 1899, Barbizon attira avec eux d&rsquo;autres personnes du monde des\u2026 <a class=\"wp-block-latest-posts__read-more\" href=\"https:\/\/www.grappilles.fr\/index.php\/2024\/06\/23\/demeures-et-villas\/\" rel=\"noopener noreferrer\">Lire la suite<span class=\"screen-reader-text\">\u00a0: Demeures et villas<\/span><\/a><\/div><\/li>\n<li><a class=\"wp-block-latest-posts__post-title\" href=\"https:\/\/www.grappilles.fr\/index.php\/2024\/06\/22\/barbatruc\/\">Barbatruc &#8230;<\/a><div class=\"wp-block-latest-posts__post-excerpt\">D&rsquo;o\u00f9 vient le nom de Barbizon et les noms des voies qui le compose ? Barbizon a\u2026 <a class=\"wp-block-latest-posts__read-more\" href=\"https:\/\/www.grappilles.fr\/index.php\/2024\/06\/22\/barbatruc\/\" rel=\"noopener noreferrer\">Lire la suite<span class=\"screen-reader-text\">\u00a0: Barbatruc &#8230;<\/span><\/a><\/div><\/li>\n<li><a class=\"wp-block-latest-posts__post-title\" href=\"https:\/\/www.grappilles.fr\/index.php\/2024\/06\/21\/le-coiffeur\/\">Salon de Coiffure<\/a><div class=\"wp-block-latest-posts__post-excerpt\">Le coiffeur M. Barbey Hippolyte, issus de Chailly en bi\u00e8re, tenait le salon de Barbizon avec ici\u2026 <a class=\"wp-block-latest-posts__read-more\" href=\"https:\/\/www.grappilles.fr\/index.php\/2024\/06\/21\/le-coiffeur\/\" rel=\"noopener noreferrer\">Lire la suite<span class=\"screen-reader-text\">\u00a0: Salon de Coiffure<\/span><\/a><\/div><\/li>\n<li><a class=\"wp-block-latest-posts__post-title\" href=\"https:\/\/www.grappilles.fr\/index.php\/2023\/12\/30\/charles-eustache\/\">Charles Eustache<\/a><div class=\"wp-block-latest-posts__post-excerpt\">nous sommes en 1846, de Barbizon part une correspondance fournit pour Charles Eustache.<\/div><\/li>\n<li><a class=\"wp-block-latest-posts__post-title\" href=\"https:\/\/www.grappilles.fr\/index.php\/2023\/12\/23\/cabaret-fenisse\/\">Cabaret F\u00e9nisse<\/a><div class=\"wp-block-latest-posts__post-excerpt\">\u00c9tablissement certainement situ\u00e9 au coin des rues du 23 Aout et de Fleury, il \u00e9tait signal\u00e9 pr\u00e9sent\u2026 <a class=\"wp-block-latest-posts__read-more\" href=\"https:\/\/www.grappilles.fr\/index.php\/2023\/12\/23\/cabaret-fenisse\/\" rel=\"noopener noreferrer\">Lire la suite<span class=\"screen-reader-text\">\u00a0: Cabaret F\u00e9nisse<\/span><\/a><\/div><\/li>\n<li><a class=\"wp-block-latest-posts__post-title\" href=\"https:\/\/www.grappilles.fr\/index.php\/2023\/11\/10\/alexandra-hotel\/\">Alexandra H\u00f4tel<\/a><div class=\"wp-block-latest-posts__post-excerpt\">Par la constitution de la soci\u00e9t\u00e9 Blanck et Lombardo , cr\u00e9e par messieurs Blanck et Lombardo, tous\u2026 <a class=\"wp-block-latest-posts__read-more\" href=\"https:\/\/www.grappilles.fr\/index.php\/2023\/11\/10\/alexandra-hotel\/\" rel=\"noopener noreferrer\">Lire la suite<span class=\"screen-reader-text\">\u00a0: Alexandra H\u00f4tel<\/span><\/a><\/div><\/li>\n<\/ul>","protected":false},"excerpt":{"rendered":"","protected":false},"author":1,"featured_media":0,"parent":0,"menu_order":0,"comment_status":"closed","ping_status":"closed","template":"","meta":{"_monsterinsights_skip_tracking":false,"_monsterinsights_sitenote_active":false,"_monsterinsights_sitenote_note":"","_monsterinsights_sitenote_category":0,"footnotes":""},"folder":[20],"class_list":["post-2","page","type-page","status-publish","hentry"],"yoast_head":"<!-- This site is optimized with the Yoast SEO plugin v27.4 - https:\/\/yoast.com\/product\/yoast-seo-wordpress\/ -->\n<title>Actualit\u00e9s - Barbizon Histoire et Patrimoine<\/title>\n<meta name=\"robots\" content=\"index, follow, max-snippet:-1, max-image-preview:large, max-video-preview:-1\" \/>\n<link rel=\"canonical\" href=\"https:\/\/www.grappilles.fr\/index.php\/actualites\/\" \/>\n<meta property=\"og:locale\" content=\"fr_FR\" \/>\n<meta property=\"og:type\" content=\"article\" \/>\n<meta property=\"og:title\" content=\"Actualit\u00e9s - Barbizon Histoire et Patrimoine\" \/>\n<meta property=\"og:url\" content=\"https:\/\/www.grappilles.fr\/index.php\/actualites\/\" \/>\n<meta property=\"og:site_name\" content=\"Barbizon Histoire et Patrimoine\" \/>\n<meta property=\"article:publisher\" content=\"https:\/\/www.facebook.com\/grappillons\" \/>\n<meta property=\"article:modified_time\" content=\"2024-06-21T13:59:48+00:00\" \/>\n<meta property=\"og:image\" content=\"http:\/\/www.grappilles.fr\/wp-content\/uploads\/2023\/02\/flash-info.jpg\" \/>\n<meta name=\"twitter:card\" content=\"summary_large_image\" \/>\n<meta name=\"twitter:label1\" content=\"Dur\u00e9e de lecture estim\u00e9e\" \/>\n\t<meta name=\"twitter:data1\" content=\"1 minute\" \/>\n<script type=\"application\/ld+json\" class=\"yoast-schema-graph\">{\"@context\":\"https:\\\/\\\/schema.org\",\"@graph\":[{\"@type\":\"WebPage\",\"@id\":\"https:\\\/\\\/www.grappilles.fr\\\/index.php\\\/actualites\\\/\",\"url\":\"https:\\\/\\\/www.grappilles.fr\\\/index.php\\\/actualites\\\/\",\"name\":\"Actualit\u00e9s - Barbizon Histoire et Patrimoine\",\"isPartOf\":{\"@id\":\"https:\\\/\\\/www.grappilles.fr\\\/#website\"},\"primaryImageOfPage\":{\"@id\":\"https:\\\/\\\/www.grappilles.fr\\\/index.php\\\/actualites\\\/#primaryimage\"},\"image\":{\"@id\":\"https:\\\/\\\/www.grappilles.fr\\\/index.php\\\/actualites\\\/#primaryimage\"},\"thumbnailUrl\":\"http:\\\/\\\/www.grappilles.fr\\\/wp-content\\\/uploads\\\/2023\\\/02\\\/flash-info.jpg\",\"datePublished\":\"2023-01-22T10:40:41+00:00\",\"dateModified\":\"2024-06-21T13:59:48+00:00\",\"breadcrumb\":{\"@id\":\"https:\\\/\\\/www.grappilles.fr\\\/index.php\\\/actualites\\\/#breadcrumb\"},\"inLanguage\":\"fr-FR\",\"potentialAction\":[{\"@type\":\"ReadAction\",\"target\":[\"https:\\\/\\\/www.grappilles.fr\\\/index.php\\\/actualites\\\/\"]}]},{\"@type\":\"ImageObject\",\"inLanguage\":\"fr-FR\",\"@id\":\"https:\\\/\\\/www.grappilles.fr\\\/index.php\\\/actualites\\\/#primaryimage\",\"url\":\"https:\\\/\\\/i0.wp.com\\\/www.grappilles.fr\\\/wp-content\\\/uploads\\\/2023\\\/02\\\/flash-info.jpg?fit=845%2C399&ssl=1\",\"contentUrl\":\"https:\\\/\\\/i0.wp.com\\\/www.grappilles.fr\\\/wp-content\\\/uploads\\\/2023\\\/02\\\/flash-info.jpg?fit=845%2C399&ssl=1\",\"width\":845,\"height\":399},{\"@type\":\"BreadcrumbList\",\"@id\":\"https:\\\/\\\/www.grappilles.fr\\\/index.php\\\/actualites\\\/#breadcrumb\",\"itemListElement\":[{\"@type\":\"ListItem\",\"position\":1,\"name\":\"Accueil\",\"item\":\"https:\\\/\\\/www.grappilles.fr\\\/\"},{\"@type\":\"ListItem\",\"position\":2,\"name\":\"Actualit\u00e9s\"}]},{\"@type\":\"WebSite\",\"@id\":\"https:\\\/\\\/www.grappilles.fr\\\/#website\",\"url\":\"https:\\\/\\\/www.grappilles.fr\\\/\",\"name\":\"Barbizon Histoire et Patrimoine\",\"description\":\"une r\u00e9alisation les grappilles de la For\u00eat\",\"publisher\":{\"@id\":\"https:\\\/\\\/www.grappilles.fr\\\/#\\\/schema\\\/person\\\/ac28443c00453ca743f16066ae01a8a7\"},\"potentialAction\":[{\"@type\":\"SearchAction\",\"target\":{\"@type\":\"EntryPoint\",\"urlTemplate\":\"https:\\\/\\\/www.grappilles.fr\\\/?s={search_term_string}\"},\"query-input\":{\"@type\":\"PropertyValueSpecification\",\"valueRequired\":true,\"valueName\":\"search_term_string\"}}],\"inLanguage\":\"fr-FR\"},{\"@type\":[\"Person\",\"Organization\"],\"@id\":\"https:\\\/\\\/www.grappilles.fr\\\/#\\\/schema\\\/person\\\/ac28443c00453ca743f16066ae01a8a7\",\"name\":\"pregra66\",\"image\":{\"@type\":\"ImageObject\",\"inLanguage\":\"fr-FR\",\"@id\":\"https:\\\/\\\/i0.wp.com\\\/www.grappilles.fr\\\/wp-content\\\/uploads\\\/2024\\\/03\\\/logo-Les-GDLF.jpg?fit=254%2C231&ssl=1\",\"url\":\"https:\\\/\\\/i0.wp.com\\\/www.grappilles.fr\\\/wp-content\\\/uploads\\\/2024\\\/03\\\/logo-Les-GDLF.jpg?fit=254%2C231&ssl=1\",\"contentUrl\":\"https:\\\/\\\/i0.wp.com\\\/www.grappilles.fr\\\/wp-content\\\/uploads\\\/2024\\\/03\\\/logo-Les-GDLF.jpg?fit=254%2C231&ssl=1\",\"width\":254,\"height\":231,\"caption\":\"pregra66\"},\"logo\":{\"@id\":\"https:\\\/\\\/i0.wp.com\\\/www.grappilles.fr\\\/wp-content\\\/uploads\\\/2024\\\/03\\\/logo-Les-GDLF.jpg?fit=254%2C231&ssl=1\"},\"sameAs\":[\"http:\\\/\\\/www.grappilles.fr\",\"https:\\\/\\\/www.facebook.com\\\/grappillons\"]}]}<\/script>\n<!-- \/ Yoast SEO plugin. -->","yoast_head_json":{"title":"Actualit\u00e9s - Barbizon Histoire et Patrimoine","robots":{"index":"index","follow":"follow","max-snippet":"max-snippet:-1","max-image-preview":"max-image-preview:large","max-video-preview":"max-video-preview:-1"},"canonical":"https:\/\/www.grappilles.fr\/index.php\/actualites\/","og_locale":"fr_FR","og_type":"article","og_title":"Actualit\u00e9s - Barbizon Histoire et Patrimoine","og_url":"https:\/\/www.grappilles.fr\/index.php\/actualites\/","og_site_name":"Barbizon Histoire et Patrimoine","article_publisher":"https:\/\/www.facebook.com\/grappillons","article_modified_time":"2024-06-21T13:59:48+00:00","og_image":[{"url":"http:\/\/www.grappilles.fr\/wp-content\/uploads\/2023\/02\/flash-info.jpg","type":"","width":"","height":""}],"twitter_card":"summary_large_image","twitter_misc":{"Dur\u00e9e de lecture estim\u00e9e":"1 minute"},"schema":{"@context":"https:\/\/schema.org","@graph":[{"@type":"WebPage","@id":"https:\/\/www.grappilles.fr\/index.php\/actualites\/","url":"https:\/\/www.grappilles.fr\/index.php\/actualites\/","name":"Actualit\u00e9s - Barbizon Histoire et Patrimoine","isPartOf":{"@id":"https:\/\/www.grappilles.fr\/#website"},"primaryImageOfPage":{"@id":"https:\/\/www.grappilles.fr\/index.php\/actualites\/#primaryimage"},"image":{"@id":"https:\/\/www.grappilles.fr\/index.php\/actualites\/#primaryimage"},"thumbnailUrl":"http:\/\/www.grappilles.fr\/wp-content\/uploads\/2023\/02\/flash-info.jpg","datePublished":"2023-01-22T10:40:41+00:00","dateModified":"2024-06-21T13:59:48+00:00","breadcrumb":{"@id":"https:\/\/www.grappilles.fr\/index.php\/actualites\/#breadcrumb"},"inLanguage":"fr-FR","potentialAction":[{"@type":"ReadAction","target":["https:\/\/www.grappilles.fr\/index.php\/actualites\/"]}]},{"@type":"ImageObject","inLanguage":"fr-FR","@id":"https:\/\/www.grappilles.fr\/index.php\/actualites\/#primaryimage","url":"https:\/\/i0.wp.com\/www.grappilles.fr\/wp-content\/uploads\/2023\/02\/flash-info.jpg?fit=845%2C399&ssl=1","contentUrl":"https:\/\/i0.wp.com\/www.grappilles.fr\/wp-content\/uploads\/2023\/02\/flash-info.jpg?fit=845%2C399&ssl=1","width":845,"height":399},{"@type":"BreadcrumbList","@id":"https:\/\/www.grappilles.fr\/index.php\/actualites\/#breadcrumb","itemListElement":[{"@type":"ListItem","position":1,"name":"Accueil","item":"https:\/\/www.grappilles.fr\/"},{"@type":"ListItem","position":2,"name":"Actualit\u00e9s"}]},{"@type":"WebSite","@id":"https:\/\/www.grappilles.fr\/#website","url":"https:\/\/www.grappilles.fr\/","name":"Barbizon Histoire et Patrimoine","description":"une r\u00e9alisation les grappilles de la For\u00eat","publisher":{"@id":"https:\/\/www.grappilles.fr\/#\/schema\/person\/ac28443c00453ca743f16066ae01a8a7"},"potentialAction":[{"@type":"SearchAction","target":{"@type":"EntryPoint","urlTemplate":"https:\/\/www.grappilles.fr\/?s={search_term_string}"},"query-input":{"@type":"PropertyValueSpecification","valueRequired":true,"valueName":"search_term_string"}}],"inLanguage":"fr-FR"},{"@type":["Person","Organization"],"@id":"https:\/\/www.grappilles.fr\/#\/schema\/person\/ac28443c00453ca743f16066ae01a8a7","name":"pregra66","image":{"@type":"ImageObject","inLanguage":"fr-FR","@id":"https:\/\/i0.wp.com\/www.grappilles.fr\/wp-content\/uploads\/2024\/03\/logo-Les-GDLF.jpg?fit=254%2C231&ssl=1","url":"https:\/\/i0.wp.com\/www.grappilles.fr\/wp-content\/uploads\/2024\/03\/logo-Les-GDLF.jpg?fit=254%2C231&ssl=1","contentUrl":"https:\/\/i0.wp.com\/www.grappilles.fr\/wp-content\/uploads\/2024\/03\/logo-Les-GDLF.jpg?fit=254%2C231&ssl=1","width":254,"height":231,"caption":"pregra66"},"logo":{"@id":"https:\/\/i0.wp.com\/www.grappilles.fr\/wp-content\/uploads\/2024\/03\/logo-Les-GDLF.jpg?fit=254%2C231&ssl=1"},"sameAs":["http:\/\/www.grappilles.fr","https:\/\/www.facebook.com\/grappillons"]}]}},"jetpack-related-posts":[],"jetpack_sharing_enabled":true,"_links":{"self":[{"href":"https:\/\/www.grappilles.fr\/index.php\/wp-json\/wp\/v2\/pages\/2","targetHints":{"allow":["GET"]}}],"collection":[{"href":"https:\/\/www.grappilles.fr\/index.php\/wp-json\/wp\/v2\/pages"}],"about":[{"href":"https:\/\/www.grappilles.fr\/index.php\/wp-json\/wp\/v2\/types\/page"}],"author":[{"embeddable":true,"href":"https:\/\/www.grappilles.fr\/index.php\/wp-json\/wp\/v2\/users\/1"}],"replies":[{"embeddable":true,"href":"https:\/\/www.grappilles.fr\/index.php\/wp-json\/wp\/v2\/comments?post=2"}],"version-history":[{"count":9,"href":"https:\/\/www.grappilles.fr\/index.php\/wp-json\/wp\/v2\/pages\/2\/revisions"}],"predecessor-version":[{"id":1514,"href":"https:\/\/www.grappilles.fr\/index.php\/wp-json\/wp\/v2\/pages\/2\/revisions\/1514"}],"wp:attachment":[{"href":"https:\/\/www.grappilles.fr\/index.php\/wp-json\/wp\/v2\/media?parent=2"}],"wp:term":[{"taxonomy":"folder","embeddable":true,"href":"https:\/\/www.grappilles.fr\/index.php\/wp-json\/wp\/v2\/folder?post=2"}],"curies":[{"name":"wp","href":"https:\/\/api.w.org\/{rel}","templated":true}]}}