{"id":364,"date":"2023-01-28T20:15:11","date_gmt":"2023-01-28T19:15:11","guid":{"rendered":"http:\/\/www.grappilles.fr\/?page_id=364"},"modified":"2023-12-30T10:38:00","modified_gmt":"2023-12-30T09:38:00","slug":"la-foret-de-fontainebleau","status":"publish","type":"page","link":"https:\/\/www.grappilles.fr\/index.php\/encyclobizon\/la-foret-de-fontainebleau\/","title":{"rendered":"La For\u00eat de Fontainebleau"},"content":{"rendered":"\n<p>La foret a connu comme beaucoup de lieu de chasse, la pr\u00e9sence de l&rsquo;homme depuis des mill\u00e9naires, des traces du n\u00e9olithiques sont pr\u00e9sentes en nombres et en formes sp\u00e9ciales.<\/p>\n\n\n\n<figure class=\"wp-block-embed is-type-video is-provider-youtube wp-block-embed-youtube wp-embed-aspect-16-9 wp-has-aspect-ratio\"><div class=\"wp-block-embed__wrapper\">\n<iframe loading=\"lazy\" title=\"Grottes orn\u00e9es de Fontainebleau: des arch\u00e9ologues tentent de comprendre des gravures du M\u00e9solithique\" width=\"500\" height=\"281\" src=\"https:\/\/www.youtube.com\/embed\/q1LbWiYXlbI?feature=oembed\" frameborder=\"0\" allow=\"accelerometer; autoplay; clipboard-write; encrypted-media; gyroscope; picture-in-picture; web-share\" referrerpolicy=\"strict-origin-when-cross-origin\" allowfullscreen><\/iframe>\n<\/div><\/figure>\n\n\n\n<figure class=\"wp-block-image size-full is-resized\"><img data-recalc-dims=\"1\" loading=\"lazy\" decoding=\"async\" width=\"781\" height=\"768\" src=\"https:\/\/i0.wp.com\/www.grappilles.fr\/wp-content\/uploads\/2023\/02\/cartouche-de-foret-de-fontaine-belleau-avec-les-villages-hameau1600.jpg?resize=781%2C768\" alt=\"\" class=\"wp-image-609\" style=\"width:391px;height:384px\" srcset=\"https:\/\/i0.wp.com\/www.grappilles.fr\/wp-content\/uploads\/2023\/02\/cartouche-de-foret-de-fontaine-belleau-avec-les-villages-hameau1600.jpg?w=781&amp;ssl=1 781w, https:\/\/i0.wp.com\/www.grappilles.fr\/wp-content\/uploads\/2023\/02\/cartouche-de-foret-de-fontaine-belleau-avec-les-villages-hameau1600.jpg?resize=300%2C295&amp;ssl=1 300w, https:\/\/i0.wp.com\/www.grappilles.fr\/wp-content\/uploads\/2023\/02\/cartouche-de-foret-de-fontaine-belleau-avec-les-villages-hameau1600.jpg?resize=768%2C755&amp;ssl=1 768w\" sizes=\"auto, (max-width: 781px) 100vw, 781px\" \/><figcaption class=\"wp-element-caption\">cartouche de la carte avec le d\u00e9tail  si dessous<\/figcaption><\/figure>\n\n\n\n<figure class=\"wp-block-image size-large is-resized\"><img data-recalc-dims=\"1\" loading=\"lazy\" decoding=\"async\" width=\"1024\" height=\"672\" src=\"https:\/\/i0.wp.com\/www.grappilles.fr\/wp-content\/uploads\/2023\/02\/carte-foret-1600.jpg?resize=1024%2C672\" alt=\"\" class=\"wp-image-610\" style=\"width:768px;height:504px\" srcset=\"https:\/\/i0.wp.com\/www.grappilles.fr\/wp-content\/uploads\/2023\/02\/carte-foret-1600.jpg?resize=1024%2C672&amp;ssl=1 1024w, https:\/\/i0.wp.com\/www.grappilles.fr\/wp-content\/uploads\/2023\/02\/carte-foret-1600.jpg?resize=300%2C197&amp;ssl=1 300w, https:\/\/i0.wp.com\/www.grappilles.fr\/wp-content\/uploads\/2023\/02\/carte-foret-1600.jpg?resize=768%2C504&amp;ssl=1 768w, https:\/\/i0.wp.com\/www.grappilles.fr\/wp-content\/uploads\/2023\/02\/carte-foret-1600.jpg?w=1488&amp;ssl=1 1488w\" sizes=\"auto, (max-width: 1000px) 100vw, 1000px\" \/><figcaption class=\"wp-element-caption\">vue de Barbizon avec des chasses autour du village<\/figcaption><\/figure>\n\n\n\n<figure class=\"wp-block-image size-full is-resized\"><img data-recalc-dims=\"1\" loading=\"lazy\" decoding=\"async\" width=\"737\" height=\"978\" src=\"https:\/\/i0.wp.com\/www.grappilles.fr\/wp-content\/uploads\/2023\/02\/cartouche-de-foret-1727.jpg?resize=737%2C978\" alt=\"\" class=\"wp-image-612\" style=\"width:369px;height:489px\" srcset=\"https:\/\/i0.wp.com\/www.grappilles.fr\/wp-content\/uploads\/2023\/02\/cartouche-de-foret-1727.jpg?w=737&amp;ssl=1 737w, https:\/\/i0.wp.com\/www.grappilles.fr\/wp-content\/uploads\/2023\/02\/cartouche-de-foret-1727.jpg?resize=226%2C300&amp;ssl=1 226w\" sizes=\"auto, (max-width: 737px) 100vw, 737px\" \/><figcaption class=\"wp-element-caption\">cartouche de la carte de la foret de Fontainebleau 1727<\/figcaption><\/figure>\n\n\n\n<figure class=\"wp-block-image size-large is-resized\"><img data-recalc-dims=\"1\" loading=\"lazy\" decoding=\"async\" width=\"1024\" height=\"613\" src=\"https:\/\/i0.wp.com\/www.grappilles.fr\/wp-content\/uploads\/2023\/02\/detail-barbizon-chailly1727.jpg?resize=1024%2C613\" alt=\"\" class=\"wp-image-615\" style=\"width:768px;height:460px\" srcset=\"https:\/\/i0.wp.com\/www.grappilles.fr\/wp-content\/uploads\/2023\/02\/detail-barbizon-chailly1727.jpg?resize=1024%2C613&amp;ssl=1 1024w, https:\/\/i0.wp.com\/www.grappilles.fr\/wp-content\/uploads\/2023\/02\/detail-barbizon-chailly1727.jpg?resize=300%2C180&amp;ssl=1 300w, https:\/\/i0.wp.com\/www.grappilles.fr\/wp-content\/uploads\/2023\/02\/detail-barbizon-chailly1727.jpg?resize=768%2C460&amp;ssl=1 768w, https:\/\/i0.wp.com\/www.grappilles.fr\/wp-content\/uploads\/2023\/02\/detail-barbizon-chailly1727.jpg?w=1472&amp;ssl=1 1472w\" sizes=\"auto, (max-width: 1000px) 100vw, 1000px\" \/><figcaption class=\"wp-element-caption\">Vue sur Barbizon et Chailly en Bi\u00e8re 1727<\/figcaption><\/figure>\n\n\n\n<h2 class=\"wp-block-heading has-medium-font-size\">Noms des arbres remarquables en for\u00eat de Fontainebleau:<\/h2>\n\n\n\n<ul class=\"wp-block-list\">\n<li><a href=\"http:\/\/www.grappilles.fr\/wp-admin\/post.php?post=1264&amp;action=edit\">Le Jupiter<\/a><\/li>\n\n\n\n<li><a href=\"http:\/\/www.grappilles.fr\/index.php\/2023\/05\/10\/le-clovis\/\">Le Clovis<\/a><\/li>\n\n\n\n<li><a href=\"http:\/\/www.grappilles.fr\/index.php\/2023\/05\/10\/le-rageur\/\">Le Rageur<\/a><\/li>\n\n\n\n<li><a href=\"http:\/\/www.grappilles.fr\/index.php\/2023\/05\/10\/la-reine-blanche\/\">La Reine Blanche<\/a><\/li>\n\n\n\n<li><a href=\"http:\/\/www.grappilles.fr\/index.php\/2023\/05\/10\/le-sully\/\">Le Sully<\/a><\/li>\n\n\n\n<li><a href=\"http:\/\/www.grappilles.fr\/index.php\/2023\/05\/10\/le-caravagio\/\">Le Caravagio<\/a><\/li>\n\n\n\n<li><a href=\"http:\/\/www.grappilles.fr\/index.php\/2023\/05\/10\/la-briaree\/\">La Briar\u00e9e<\/a><\/li>\n\n\n\n<li><\/li>\n<\/ul>\n","protected":false},"excerpt":{"rendered":"<p>La foret a connu comme beaucoup de lieu de chasse, la pr\u00e9sence de l&rsquo;homme depuis des mill\u00e9naires, des traces du n\u00e9olithiques sont pr\u00e9sentes en nombres et en formes sp\u00e9ciales. Noms des arbres remarquables en for\u00eat de Fontainebleau:<\/p>\n","protected":false},"author":1,"featured_media":0,"parent":10,"menu_order":0,"comment_status":"closed","ping_status":"closed","template":"","meta":{"_monsterinsights_skip_tracking":false,"_monsterinsights_sitenote_active":false,"_monsterinsights_sitenote_note":"","_monsterinsights_sitenote_category":0,"footnotes":""},"folder":[],"class_list":["post-364","page","type-page","status-publish","hentry"],"yoast_head":"<!-- This site is optimized with the Yoast SEO plugin v27.3 - https:\/\/yoast.com\/product\/yoast-seo-wordpress\/ -->\n<title>La For\u00eat de Fontainebleau - Barbizon Histoire et Patrimoine<\/title>\n<meta name=\"robots\" content=\"index, follow, max-snippet:-1, max-image-preview:large, max-video-preview:-1\" \/>\n<link rel=\"canonical\" href=\"https:\/\/www.grappilles.fr\/index.php\/encyclobizon\/la-foret-de-fontainebleau\/\" \/>\n<meta property=\"og:locale\" content=\"fr_FR\" \/>\n<meta property=\"og:type\" content=\"article\" \/>\n<meta property=\"og:title\" content=\"La For\u00eat de Fontainebleau - Barbizon Histoire et Patrimoine\" \/>\n<meta property=\"og:description\" content=\"La foret a connu comme beaucoup de lieu de chasse, la pr\u00e9sence de l&rsquo;homme depuis des mill\u00e9naires, des traces du n\u00e9olithiques sont pr\u00e9sentes en nombres et en formes sp\u00e9ciales. Noms des arbres remarquables en for\u00eat de Fontainebleau:\" \/>\n<meta property=\"og:url\" content=\"https:\/\/www.grappilles.fr\/index.php\/encyclobizon\/la-foret-de-fontainebleau\/\" \/>\n<meta property=\"og:site_name\" content=\"Barbizon Histoire et Patrimoine\" \/>\n<meta property=\"article:publisher\" content=\"https:\/\/www.facebook.com\/grappillons\" \/>\n<meta property=\"article:modified_time\" content=\"2023-12-30T09:38:00+00:00\" \/>\n<meta property=\"og:image\" content=\"http:\/\/www.grappilles.fr\/wp-content\/uploads\/2023\/02\/cartouche-de-foret-de-fontaine-belleau-avec-les-villages-hameau1600.jpg\" \/>\n<meta name=\"twitter:card\" content=\"summary_large_image\" \/>\n<meta name=\"twitter:label1\" content=\"Dur\u00e9e de lecture estim\u00e9e\" \/>\n\t<meta name=\"twitter:data1\" content=\"2 minutes\" \/>\n<script type=\"application\/ld+json\" class=\"yoast-schema-graph\">{\"@context\":\"https:\\\/\\\/schema.org\",\"@graph\":[{\"@type\":\"WebPage\",\"@id\":\"https:\\\/\\\/www.grappilles.fr\\\/index.php\\\/encyclobizon\\\/la-foret-de-fontainebleau\\\/\",\"url\":\"https:\\\/\\\/www.grappilles.fr\\\/index.php\\\/encyclobizon\\\/la-foret-de-fontainebleau\\\/\",\"name\":\"La For\u00eat de Fontainebleau - Barbizon Histoire et Patrimoine\",\"isPartOf\":{\"@id\":\"https:\\\/\\\/www.grappilles.fr\\\/#website\"},\"primaryImageOfPage\":{\"@id\":\"https:\\\/\\\/www.grappilles.fr\\\/index.php\\\/encyclobizon\\\/la-foret-de-fontainebleau\\\/#primaryimage\"},\"image\":{\"@id\":\"https:\\\/\\\/www.grappilles.fr\\\/index.php\\\/encyclobizon\\\/la-foret-de-fontainebleau\\\/#primaryimage\"},\"thumbnailUrl\":\"http:\\\/\\\/www.grappilles.fr\\\/wp-content\\\/uploads\\\/2023\\\/02\\\/cartouche-de-foret-de-fontaine-belleau-avec-les-villages-hameau1600.jpg\",\"datePublished\":\"2023-01-28T19:15:11+00:00\",\"dateModified\":\"2023-12-30T09:38:00+00:00\",\"breadcrumb\":{\"@id\":\"https:\\\/\\\/www.grappilles.fr\\\/index.php\\\/encyclobizon\\\/la-foret-de-fontainebleau\\\/#breadcrumb\"},\"inLanguage\":\"fr-FR\",\"potentialAction\":[{\"@type\":\"ReadAction\",\"target\":[\"https:\\\/\\\/www.grappilles.fr\\\/index.php\\\/encyclobizon\\\/la-foret-de-fontainebleau\\\/\"]}]},{\"@type\":\"ImageObject\",\"inLanguage\":\"fr-FR\",\"@id\":\"https:\\\/\\\/www.grappilles.fr\\\/index.php\\\/encyclobizon\\\/la-foret-de-fontainebleau\\\/#primaryimage\",\"url\":\"https:\\\/\\\/i0.wp.com\\\/www.grappilles.fr\\\/wp-content\\\/uploads\\\/2023\\\/02\\\/cartouche-de-foret-de-fontaine-belleau-avec-les-villages-hameau1600.jpg?fit=781%2C768&ssl=1\",\"contentUrl\":\"https:\\\/\\\/i0.wp.com\\\/www.grappilles.fr\\\/wp-content\\\/uploads\\\/2023\\\/02\\\/cartouche-de-foret-de-fontaine-belleau-avec-les-villages-hameau1600.jpg?fit=781%2C768&ssl=1\",\"width\":781,\"height\":768},{\"@type\":\"BreadcrumbList\",\"@id\":\"https:\\\/\\\/www.grappilles.fr\\\/index.php\\\/encyclobizon\\\/la-foret-de-fontainebleau\\\/#breadcrumb\",\"itemListElement\":[{\"@type\":\"ListItem\",\"position\":1,\"name\":\"Accueil\",\"item\":\"https:\\\/\\\/www.grappilles.fr\\\/\"},{\"@type\":\"ListItem\",\"position\":2,\"name\":\"encyclobizon\",\"item\":\"https:\\\/\\\/www.grappilles.fr\\\/index.php\\\/encyclobizon\\\/\"},{\"@type\":\"ListItem\",\"position\":3,\"name\":\"La For\u00eat de Fontainebleau\"}]},{\"@type\":\"WebSite\",\"@id\":\"https:\\\/\\\/www.grappilles.fr\\\/#website\",\"url\":\"https:\\\/\\\/www.grappilles.fr\\\/\",\"name\":\"Barbizon Histoire et Patrimoine\",\"description\":\"une r\u00e9alisation les grappilles de la For\u00eat\",\"publisher\":{\"@id\":\"https:\\\/\\\/www.grappilles.fr\\\/#\\\/schema\\\/person\\\/ac28443c00453ca743f16066ae01a8a7\"},\"potentialAction\":[{\"@type\":\"SearchAction\",\"target\":{\"@type\":\"EntryPoint\",\"urlTemplate\":\"https:\\\/\\\/www.grappilles.fr\\\/?s={search_term_string}\"},\"query-input\":{\"@type\":\"PropertyValueSpecification\",\"valueRequired\":true,\"valueName\":\"search_term_string\"}}],\"inLanguage\":\"fr-FR\"},{\"@type\":[\"Person\",\"Organization\"],\"@id\":\"https:\\\/\\\/www.grappilles.fr\\\/#\\\/schema\\\/person\\\/ac28443c00453ca743f16066ae01a8a7\",\"name\":\"pregra66\",\"image\":{\"@type\":\"ImageObject\",\"inLanguage\":\"fr-FR\",\"@id\":\"https:\\\/\\\/i0.wp.com\\\/www.grappilles.fr\\\/wp-content\\\/uploads\\\/2024\\\/03\\\/logo-Les-GDLF.jpg?fit=254%2C231&ssl=1\",\"url\":\"https:\\\/\\\/i0.wp.com\\\/www.grappilles.fr\\\/wp-content\\\/uploads\\\/2024\\\/03\\\/logo-Les-GDLF.jpg?fit=254%2C231&ssl=1\",\"contentUrl\":\"https:\\\/\\\/i0.wp.com\\\/www.grappilles.fr\\\/wp-content\\\/uploads\\\/2024\\\/03\\\/logo-Les-GDLF.jpg?fit=254%2C231&ssl=1\",\"width\":254,\"height\":231,\"caption\":\"pregra66\"},\"logo\":{\"@id\":\"https:\\\/\\\/i0.wp.com\\\/www.grappilles.fr\\\/wp-content\\\/uploads\\\/2024\\\/03\\\/logo-Les-GDLF.jpg?fit=254%2C231&ssl=1\"},\"sameAs\":[\"http:\\\/\\\/www.grappilles.fr\",\"https:\\\/\\\/www.facebook.com\\\/grappillons\"]}]}<\/script>\n<!-- \/ Yoast SEO plugin. -->","yoast_head_json":{"title":"La For\u00eat de Fontainebleau - Barbizon Histoire et Patrimoine","robots":{"index":"index","follow":"follow","max-snippet":"max-snippet:-1","max-image-preview":"max-image-preview:large","max-video-preview":"max-video-preview:-1"},"canonical":"https:\/\/www.grappilles.fr\/index.php\/encyclobizon\/la-foret-de-fontainebleau\/","og_locale":"fr_FR","og_type":"article","og_title":"La For\u00eat de Fontainebleau - Barbizon Histoire et Patrimoine","og_description":"La foret a connu comme beaucoup de lieu de chasse, la pr\u00e9sence de l&rsquo;homme depuis des mill\u00e9naires, des traces du n\u00e9olithiques sont pr\u00e9sentes en nombres et en formes sp\u00e9ciales. Noms des arbres remarquables en for\u00eat de Fontainebleau:","og_url":"https:\/\/www.grappilles.fr\/index.php\/encyclobizon\/la-foret-de-fontainebleau\/","og_site_name":"Barbizon Histoire et Patrimoine","article_publisher":"https:\/\/www.facebook.com\/grappillons","article_modified_time":"2023-12-30T09:38:00+00:00","og_image":[{"url":"http:\/\/www.grappilles.fr\/wp-content\/uploads\/2023\/02\/cartouche-de-foret-de-fontaine-belleau-avec-les-villages-hameau1600.jpg","type":"","width":"","height":""}],"twitter_card":"summary_large_image","twitter_misc":{"Dur\u00e9e de lecture estim\u00e9e":"2 minutes"},"schema":{"@context":"https:\/\/schema.org","@graph":[{"@type":"WebPage","@id":"https:\/\/www.grappilles.fr\/index.php\/encyclobizon\/la-foret-de-fontainebleau\/","url":"https:\/\/www.grappilles.fr\/index.php\/encyclobizon\/la-foret-de-fontainebleau\/","name":"La For\u00eat de Fontainebleau - Barbizon Histoire et Patrimoine","isPartOf":{"@id":"https:\/\/www.grappilles.fr\/#website"},"primaryImageOfPage":{"@id":"https:\/\/www.grappilles.fr\/index.php\/encyclobizon\/la-foret-de-fontainebleau\/#primaryimage"},"image":{"@id":"https:\/\/www.grappilles.fr\/index.php\/encyclobizon\/la-foret-de-fontainebleau\/#primaryimage"},"thumbnailUrl":"http:\/\/www.grappilles.fr\/wp-content\/uploads\/2023\/02\/cartouche-de-foret-de-fontaine-belleau-avec-les-villages-hameau1600.jpg","datePublished":"2023-01-28T19:15:11+00:00","dateModified":"2023-12-30T09:38:00+00:00","breadcrumb":{"@id":"https:\/\/www.grappilles.fr\/index.php\/encyclobizon\/la-foret-de-fontainebleau\/#breadcrumb"},"inLanguage":"fr-FR","potentialAction":[{"@type":"ReadAction","target":["https:\/\/www.grappilles.fr\/index.php\/encyclobizon\/la-foret-de-fontainebleau\/"]}]},{"@type":"ImageObject","inLanguage":"fr-FR","@id":"https:\/\/www.grappilles.fr\/index.php\/encyclobizon\/la-foret-de-fontainebleau\/#primaryimage","url":"https:\/\/i0.wp.com\/www.grappilles.fr\/wp-content\/uploads\/2023\/02\/cartouche-de-foret-de-fontaine-belleau-avec-les-villages-hameau1600.jpg?fit=781%2C768&ssl=1","contentUrl":"https:\/\/i0.wp.com\/www.grappilles.fr\/wp-content\/uploads\/2023\/02\/cartouche-de-foret-de-fontaine-belleau-avec-les-villages-hameau1600.jpg?fit=781%2C768&ssl=1","width":781,"height":768},{"@type":"BreadcrumbList","@id":"https:\/\/www.grappilles.fr\/index.php\/encyclobizon\/la-foret-de-fontainebleau\/#breadcrumb","itemListElement":[{"@type":"ListItem","position":1,"name":"Accueil","item":"https:\/\/www.grappilles.fr\/"},{"@type":"ListItem","position":2,"name":"encyclobizon","item":"https:\/\/www.grappilles.fr\/index.php\/encyclobizon\/"},{"@type":"ListItem","position":3,"name":"La For\u00eat de Fontainebleau"}]},{"@type":"WebSite","@id":"https:\/\/www.grappilles.fr\/#website","url":"https:\/\/www.grappilles.fr\/","name":"Barbizon Histoire et Patrimoine","description":"une r\u00e9alisation les grappilles de la For\u00eat","publisher":{"@id":"https:\/\/www.grappilles.fr\/#\/schema\/person\/ac28443c00453ca743f16066ae01a8a7"},"potentialAction":[{"@type":"SearchAction","target":{"@type":"EntryPoint","urlTemplate":"https:\/\/www.grappilles.fr\/?s={search_term_string}"},"query-input":{"@type":"PropertyValueSpecification","valueRequired":true,"valueName":"search_term_string"}}],"inLanguage":"fr-FR"},{"@type":["Person","Organization"],"@id":"https:\/\/www.grappilles.fr\/#\/schema\/person\/ac28443c00453ca743f16066ae01a8a7","name":"pregra66","image":{"@type":"ImageObject","inLanguage":"fr-FR","@id":"https:\/\/i0.wp.com\/www.grappilles.fr\/wp-content\/uploads\/2024\/03\/logo-Les-GDLF.jpg?fit=254%2C231&ssl=1","url":"https:\/\/i0.wp.com\/www.grappilles.fr\/wp-content\/uploads\/2024\/03\/logo-Les-GDLF.jpg?fit=254%2C231&ssl=1","contentUrl":"https:\/\/i0.wp.com\/www.grappilles.fr\/wp-content\/uploads\/2024\/03\/logo-Les-GDLF.jpg?fit=254%2C231&ssl=1","width":254,"height":231,"caption":"pregra66"},"logo":{"@id":"https:\/\/i0.wp.com\/www.grappilles.fr\/wp-content\/uploads\/2024\/03\/logo-Les-GDLF.jpg?fit=254%2C231&ssl=1"},"sameAs":["http:\/\/www.grappilles.fr","https:\/\/www.facebook.com\/grappillons"]}]}},"jetpack-related-posts":[],"jetpack_sharing_enabled":true,"_links":{"self":[{"href":"https:\/\/www.grappilles.fr\/index.php\/wp-json\/wp\/v2\/pages\/364","targetHints":{"allow":["GET"]}}],"collection":[{"href":"https:\/\/www.grappilles.fr\/index.php\/wp-json\/wp\/v2\/pages"}],"about":[{"href":"https:\/\/www.grappilles.fr\/index.php\/wp-json\/wp\/v2\/types\/page"}],"author":[{"embeddable":true,"href":"https:\/\/www.grappilles.fr\/index.php\/wp-json\/wp\/v2\/users\/1"}],"replies":[{"embeddable":true,"href":"https:\/\/www.grappilles.fr\/index.php\/wp-json\/wp\/v2\/comments?post=364"}],"version-history":[{"count":15,"href":"https:\/\/www.grappilles.fr\/index.php\/wp-json\/wp\/v2\/pages\/364\/revisions"}],"predecessor-version":[{"id":1427,"href":"https:\/\/www.grappilles.fr\/index.php\/wp-json\/wp\/v2\/pages\/364\/revisions\/1427"}],"up":[{"embeddable":true,"href":"https:\/\/www.grappilles.fr\/index.php\/wp-json\/wp\/v2\/pages\/10"}],"wp:attachment":[{"href":"https:\/\/www.grappilles.fr\/index.php\/wp-json\/wp\/v2\/media?parent=364"}],"wp:term":[{"taxonomy":"folder","embeddable":true,"href":"https:\/\/www.grappilles.fr\/index.php\/wp-json\/wp\/v2\/folder?post=364"}],"curies":[{"name":"wp","href":"https:\/\/api.w.org\/{rel}","templated":true}]}}