{"id":693,"date":"2023-02-16T14:52:39","date_gmt":"2023-02-16T13:52:39","guid":{"rendered":"http:\/\/www.grappilles.fr\/?page_id=693"},"modified":"2023-11-10T13:04:18","modified_gmt":"2023-11-10T12:04:18","slug":"contructions","status":"publish","type":"page","link":"https:\/\/www.grappilles.fr\/index.php\/contructions\/","title":{"rendered":"Constructions"},"content":{"rendered":"\n<ul class=\"wp-block-list\">\n<li><a href=\"http:\/\/www.grappilles.fr\/index.php\/constructions-collectives\/\">Constructions collectives<\/a><\/li>\n\n\n\n<li>Constructions particuli\u00e8res<\/li>\n<\/ul>\n\n\n<ul class=\"wp-block-latest-posts__list is-grid columns-3 wp-block-latest-posts has-medium-font-size\"><li><a class=\"wp-block-latest-posts__post-title\" href=\"https:\/\/www.grappilles.fr\/index.php\/2023\/01\/22\/alf-grand-et-le-tumble-inn\/\">Alf Grand et le Tumble Inn.<\/a><div class=\"wp-block-latest-posts__post-excerpt\">A cot\u00e9 de Bodmer et Talamon qui marqu\u00e8rent fortement par leur pittoresque la physionomie de Barbizon avant et apr\u00e8s la guerre de 1914, un troisi\u00e8me personnage m\u00e9rite d\u2019\u00eatre nomm\u00e9, qui a au moins autant de titres qu\u2019eux \u00e0 l\u2019honneur d\u2019une citation, et ce n\u2019est certes pas&nbsp; parce qu\u2019il vit encore que je passerai sous silence\u2026 <a class=\"wp-block-latest-posts__read-more\" href=\"https:\/\/www.grappilles.fr\/index.php\/2023\/01\/22\/alf-grand-et-le-tumble-inn\/\" rel=\"noopener noreferrer\">Lire la suite<span class=\"screen-reader-text\">\u00a0: Alf Grand et le Tumble Inn.<\/span><\/a><\/div><\/li>\n<li><a class=\"wp-block-latest-posts__post-title\" href=\"https:\/\/www.grappilles.fr\/index.php\/2023\/02\/25\/atelier-rousseau\/\">Atelier Rousseau<\/a><div class=\"wp-block-latest-posts__post-excerpt\">La commune avec une participation priv\u00e9 ouvrit un mus\u00e9e Rousseau.<\/div><\/li>\n<li><a class=\"wp-block-latest-posts__post-title\" href=\"https:\/\/www.grappilles.fr\/index.php\/2023\/02\/04\/494\/\">Bureau de  poste<\/a><div class=\"wp-block-latest-posts__post-excerpt\">Barbizon devenu une commune se devait, devant le trafic de courriers entre le bureau de d\u00e9part de Chailly en bi\u00e8re et Barbizon, d&rsquo;avoir un bureau de poste, doter d&rsquo;un facteur receveur c&rsquo;est \u00e0 dire moiti\u00e9 distribution de courrier moiti\u00e9 guichet, chose voter et approuver en conseil municipal et par la signature d&rsquo;un bail de 9\u2026 <a class=\"wp-block-latest-posts__read-more\" href=\"https:\/\/www.grappilles.fr\/index.php\/2023\/02\/04\/494\/\" rel=\"noopener noreferrer\">Lire la suite<span class=\"screen-reader-text\">\u00a0: Bureau de  poste<\/span><\/a><\/div><\/li>\n<li><a class=\"wp-block-latest-posts__post-title\" href=\"https:\/\/www.grappilles.fr\/index.php\/2023\/01\/22\/histoire-deau\/\">Histoire d&rsquo;eau<\/a><div class=\"wp-block-latest-posts__post-excerpt\">Partout o\u00f9 l&rsquo;humanit\u00e9 s&rsquo;est install\u00e9e, l&rsquo;eau y joue un r\u00f4le primordial. Sans eau pas de vie. Barbizon n&rsquo;y \u00e9chappe pas. Dans les temps reculer des si\u00e8cles pass\u00e9s, l&rsquo;eau \u00e9tait pr\u00e9sente en abondance. Barbizon modeste hameau \u00e0 sa cr\u00e9ation avant le 9\u00b0 si\u00e8cle devait sa situation en bordure de la for\u00eat de Fontainebleau, position choisit avec\u2026 <a class=\"wp-block-latest-posts__read-more\" href=\"https:\/\/www.grappilles.fr\/index.php\/2023\/01\/22\/histoire-deau\/\" rel=\"noopener noreferrer\">Lire la suite<span class=\"screen-reader-text\">\u00a0: Histoire d&rsquo;eau<\/span><\/a><\/div><\/li>\n<li><a class=\"wp-block-latest-posts__post-title\" href=\"https:\/\/www.grappilles.fr\/index.php\/2023\/01\/23\/historique-des-lignes-de-trains-en-seine-et-marne\/\">Historique des lignes d&rsquo;int\u00e9r\u00eat local en Seine et Marne<\/a><div class=\"wp-block-latest-posts__post-excerpt\">La premi\u00e8re demande de ligne ferroviaire dans le d\u00e9partement date de 1866, gr\u00e2ce \u00e0 la loi du 12 juillet 1865, qui autorise les lignes d\u2019int\u00e9r\u00eat local, messieurs Richard et Feinieix (d\u00e9j\u00e0 r\u00e9alisateurs de ligne ferr\u00e9es) d\u00e9posent une demande de concession concernant le rattachement de plusieurs ligne entre Puiseaux et lyzy sur Ourcq. Refus\u00e9e par le\u2026 <a class=\"wp-block-latest-posts__read-more\" href=\"https:\/\/www.grappilles.fr\/index.php\/2023\/01\/23\/historique-des-lignes-de-trains-en-seine-et-marne\/\" rel=\"noopener noreferrer\">Lire la suite<span class=\"screen-reader-text\">\u00a0: Historique des lignes d&rsquo;int\u00e9r\u00eat local en Seine et Marne<\/span><\/a><\/div><\/li>\n<\/ul>","protected":false},"excerpt":{"rendered":"","protected":false},"author":1,"featured_media":0,"parent":0,"menu_order":0,"comment_status":"closed","ping_status":"closed","template":"","meta":{"_monsterinsights_skip_tracking":false,"_monsterinsights_sitenote_active":false,"_monsterinsights_sitenote_note":"","_monsterinsights_sitenote_category":0,"footnotes":""},"folder":[20],"class_list":["post-693","page","type-page","status-publish","hentry"],"yoast_head":"<!-- This site is optimized with the Yoast SEO plugin v27.4 - https:\/\/yoast.com\/product\/yoast-seo-wordpress\/ -->\n<title>Constructions - Barbizon Histoire et Patrimoine<\/title>\n<meta name=\"robots\" content=\"index, follow, max-snippet:-1, max-image-preview:large, max-video-preview:-1\" \/>\n<link rel=\"canonical\" href=\"https:\/\/www.grappilles.fr\/index.php\/contructions\/\" \/>\n<meta property=\"og:locale\" content=\"fr_FR\" \/>\n<meta property=\"og:type\" content=\"article\" \/>\n<meta property=\"og:title\" content=\"Constructions - Barbizon Histoire et Patrimoine\" \/>\n<meta property=\"og:url\" content=\"https:\/\/www.grappilles.fr\/index.php\/contructions\/\" \/>\n<meta property=\"og:site_name\" content=\"Barbizon Histoire et Patrimoine\" \/>\n<meta property=\"article:publisher\" content=\"https:\/\/www.facebook.com\/grappillons\" \/>\n<meta property=\"article:modified_time\" content=\"2023-11-10T12:04:18+00:00\" \/>\n<meta name=\"twitter:card\" content=\"summary_large_image\" \/>\n<meta name=\"twitter:label1\" content=\"Dur\u00e9e de lecture estim\u00e9e\" \/>\n\t<meta name=\"twitter:data1\" content=\"1 minute\" \/>\n<script type=\"application\/ld+json\" class=\"yoast-schema-graph\">{\"@context\":\"https:\\\/\\\/schema.org\",\"@graph\":[{\"@type\":\"WebPage\",\"@id\":\"https:\\\/\\\/www.grappilles.fr\\\/index.php\\\/contructions\\\/\",\"url\":\"https:\\\/\\\/www.grappilles.fr\\\/index.php\\\/contructions\\\/\",\"name\":\"Constructions - Barbizon Histoire et Patrimoine\",\"isPartOf\":{\"@id\":\"https:\\\/\\\/www.grappilles.fr\\\/#website\"},\"datePublished\":\"2023-02-16T13:52:39+00:00\",\"dateModified\":\"2023-11-10T12:04:18+00:00\",\"breadcrumb\":{\"@id\":\"https:\\\/\\\/www.grappilles.fr\\\/index.php\\\/contructions\\\/#breadcrumb\"},\"inLanguage\":\"fr-FR\",\"potentialAction\":[{\"@type\":\"ReadAction\",\"target\":[\"https:\\\/\\\/www.grappilles.fr\\\/index.php\\\/contructions\\\/\"]}]},{\"@type\":\"BreadcrumbList\",\"@id\":\"https:\\\/\\\/www.grappilles.fr\\\/index.php\\\/contructions\\\/#breadcrumb\",\"itemListElement\":[{\"@type\":\"ListItem\",\"position\":1,\"name\":\"Accueil\",\"item\":\"https:\\\/\\\/www.grappilles.fr\\\/\"},{\"@type\":\"ListItem\",\"position\":2,\"name\":\"Constructions\"}]},{\"@type\":\"WebSite\",\"@id\":\"https:\\\/\\\/www.grappilles.fr\\\/#website\",\"url\":\"https:\\\/\\\/www.grappilles.fr\\\/\",\"name\":\"Barbizon Histoire et Patrimoine\",\"description\":\"une r\u00e9alisation les grappilles de la For\u00eat\",\"publisher\":{\"@id\":\"https:\\\/\\\/www.grappilles.fr\\\/#\\\/schema\\\/person\\\/ac28443c00453ca743f16066ae01a8a7\"},\"potentialAction\":[{\"@type\":\"SearchAction\",\"target\":{\"@type\":\"EntryPoint\",\"urlTemplate\":\"https:\\\/\\\/www.grappilles.fr\\\/?s={search_term_string}\"},\"query-input\":{\"@type\":\"PropertyValueSpecification\",\"valueRequired\":true,\"valueName\":\"search_term_string\"}}],\"inLanguage\":\"fr-FR\"},{\"@type\":[\"Person\",\"Organization\"],\"@id\":\"https:\\\/\\\/www.grappilles.fr\\\/#\\\/schema\\\/person\\\/ac28443c00453ca743f16066ae01a8a7\",\"name\":\"pregra66\",\"image\":{\"@type\":\"ImageObject\",\"inLanguage\":\"fr-FR\",\"@id\":\"https:\\\/\\\/i0.wp.com\\\/www.grappilles.fr\\\/wp-content\\\/uploads\\\/2024\\\/03\\\/logo-Les-GDLF.jpg?fit=254%2C231&ssl=1\",\"url\":\"https:\\\/\\\/i0.wp.com\\\/www.grappilles.fr\\\/wp-content\\\/uploads\\\/2024\\\/03\\\/logo-Les-GDLF.jpg?fit=254%2C231&ssl=1\",\"contentUrl\":\"https:\\\/\\\/i0.wp.com\\\/www.grappilles.fr\\\/wp-content\\\/uploads\\\/2024\\\/03\\\/logo-Les-GDLF.jpg?fit=254%2C231&ssl=1\",\"width\":254,\"height\":231,\"caption\":\"pregra66\"},\"logo\":{\"@id\":\"https:\\\/\\\/i0.wp.com\\\/www.grappilles.fr\\\/wp-content\\\/uploads\\\/2024\\\/03\\\/logo-Les-GDLF.jpg?fit=254%2C231&ssl=1\"},\"sameAs\":[\"http:\\\/\\\/www.grappilles.fr\",\"https:\\\/\\\/www.facebook.com\\\/grappillons\"]}]}<\/script>\n<!-- \/ Yoast SEO plugin. -->","yoast_head_json":{"title":"Constructions - Barbizon Histoire et Patrimoine","robots":{"index":"index","follow":"follow","max-snippet":"max-snippet:-1","max-image-preview":"max-image-preview:large","max-video-preview":"max-video-preview:-1"},"canonical":"https:\/\/www.grappilles.fr\/index.php\/contructions\/","og_locale":"fr_FR","og_type":"article","og_title":"Constructions - Barbizon Histoire et Patrimoine","og_url":"https:\/\/www.grappilles.fr\/index.php\/contructions\/","og_site_name":"Barbizon Histoire et Patrimoine","article_publisher":"https:\/\/www.facebook.com\/grappillons","article_modified_time":"2023-11-10T12:04:18+00:00","twitter_card":"summary_large_image","twitter_misc":{"Dur\u00e9e de lecture estim\u00e9e":"1 minute"},"schema":{"@context":"https:\/\/schema.org","@graph":[{"@type":"WebPage","@id":"https:\/\/www.grappilles.fr\/index.php\/contructions\/","url":"https:\/\/www.grappilles.fr\/index.php\/contructions\/","name":"Constructions - Barbizon Histoire et Patrimoine","isPartOf":{"@id":"https:\/\/www.grappilles.fr\/#website"},"datePublished":"2023-02-16T13:52:39+00:00","dateModified":"2023-11-10T12:04:18+00:00","breadcrumb":{"@id":"https:\/\/www.grappilles.fr\/index.php\/contructions\/#breadcrumb"},"inLanguage":"fr-FR","potentialAction":[{"@type":"ReadAction","target":["https:\/\/www.grappilles.fr\/index.php\/contructions\/"]}]},{"@type":"BreadcrumbList","@id":"https:\/\/www.grappilles.fr\/index.php\/contructions\/#breadcrumb","itemListElement":[{"@type":"ListItem","position":1,"name":"Accueil","item":"https:\/\/www.grappilles.fr\/"},{"@type":"ListItem","position":2,"name":"Constructions"}]},{"@type":"WebSite","@id":"https:\/\/www.grappilles.fr\/#website","url":"https:\/\/www.grappilles.fr\/","name":"Barbizon Histoire et Patrimoine","description":"une r\u00e9alisation les grappilles de la For\u00eat","publisher":{"@id":"https:\/\/www.grappilles.fr\/#\/schema\/person\/ac28443c00453ca743f16066ae01a8a7"},"potentialAction":[{"@type":"SearchAction","target":{"@type":"EntryPoint","urlTemplate":"https:\/\/www.grappilles.fr\/?s={search_term_string}"},"query-input":{"@type":"PropertyValueSpecification","valueRequired":true,"valueName":"search_term_string"}}],"inLanguage":"fr-FR"},{"@type":["Person","Organization"],"@id":"https:\/\/www.grappilles.fr\/#\/schema\/person\/ac28443c00453ca743f16066ae01a8a7","name":"pregra66","image":{"@type":"ImageObject","inLanguage":"fr-FR","@id":"https:\/\/i0.wp.com\/www.grappilles.fr\/wp-content\/uploads\/2024\/03\/logo-Les-GDLF.jpg?fit=254%2C231&ssl=1","url":"https:\/\/i0.wp.com\/www.grappilles.fr\/wp-content\/uploads\/2024\/03\/logo-Les-GDLF.jpg?fit=254%2C231&ssl=1","contentUrl":"https:\/\/i0.wp.com\/www.grappilles.fr\/wp-content\/uploads\/2024\/03\/logo-Les-GDLF.jpg?fit=254%2C231&ssl=1","width":254,"height":231,"caption":"pregra66"},"logo":{"@id":"https:\/\/i0.wp.com\/www.grappilles.fr\/wp-content\/uploads\/2024\/03\/logo-Les-GDLF.jpg?fit=254%2C231&ssl=1"},"sameAs":["http:\/\/www.grappilles.fr","https:\/\/www.facebook.com\/grappillons"]}]}},"jetpack-related-posts":[],"jetpack_sharing_enabled":true,"_links":{"self":[{"href":"https:\/\/www.grappilles.fr\/index.php\/wp-json\/wp\/v2\/pages\/693","targetHints":{"allow":["GET"]}}],"collection":[{"href":"https:\/\/www.grappilles.fr\/index.php\/wp-json\/wp\/v2\/pages"}],"about":[{"href":"https:\/\/www.grappilles.fr\/index.php\/wp-json\/wp\/v2\/types\/page"}],"author":[{"embeddable":true,"href":"https:\/\/www.grappilles.fr\/index.php\/wp-json\/wp\/v2\/users\/1"}],"replies":[{"embeddable":true,"href":"https:\/\/www.grappilles.fr\/index.php\/wp-json\/wp\/v2\/comments?post=693"}],"version-history":[{"count":4,"href":"https:\/\/www.grappilles.fr\/index.php\/wp-json\/wp\/v2\/pages\/693\/revisions"}],"predecessor-version":[{"id":1405,"href":"https:\/\/www.grappilles.fr\/index.php\/wp-json\/wp\/v2\/pages\/693\/revisions\/1405"}],"wp:attachment":[{"href":"https:\/\/www.grappilles.fr\/index.php\/wp-json\/wp\/v2\/media?parent=693"}],"wp:term":[{"taxonomy":"folder","embeddable":true,"href":"https:\/\/www.grappilles.fr\/index.php\/wp-json\/wp\/v2\/folder?post=693"}],"curies":[{"name":"wp","href":"https:\/\/api.w.org\/{rel}","templated":true}]}}